{"id":3539,"date":"2026-03-06T09:00:31","date_gmt":"2026-03-06T09:00:31","guid":{"rendered":"https:\/\/feniks.nfz.gov.pl\/?page_id=3539"},"modified":"2026-03-06T09:12:03","modified_gmt":"2026-03-06T09:12:03","slug":"dokumenty-aplikacyjne-i-nabor","status":"publish","type":"page","link":"https:\/\/feniks.nfz.gov.pl\/index.php\/dokumenty-aplikacyjne-i-nabor\/","title":{"rendered":"Dokumenty aplikacyjne I nab\u00f3r"},"content":{"rendered":"\n<h1 class=\"wp-block-heading\">Wniosek o powierzenie grantu \u2013 I nab\u00f3r<\/h1>\n\n\n\n<p class=\"wp-block-paragraph\">Wniosek o powierzenie grantu mo\u017cna z\u0142o\u017cy\u0107 za po\u015brednictwem dedykowanej aplikacji do sk\u0142adania wniosk\u00f3w, gdy tylko og\u0142osimy kolejny nab\u00f3r. Szczeg\u00f3\u0142y dotycz\u0105ce termin\u00f3w oraz zasad sk\u0142adania wniosk\u00f3w zostan\u0105 podane w odpowiednim czasie.<\/p>\n\n\n\n<div style=\"height:var(--wp--preset--spacing--30)\" aria-hidden=\"true\" class=\"wp-block-spacer\"><\/div>\n\n\n\n<p class=\"wp-block-paragraph\"><img loading=\"lazy\" decoding=\"async\" width=\"20\" height=\"20\" crossorigin=\"anonymous\" class=\"wp-image-3081\" style=\"width: 20px;\" src=\"https:\/\/feniks.nfz.gov.pl\/wp-content\/uploads\/2026\/02\/Ikonka_PLIK_PDF-e1772187937713.png\" alt=\"Ikonka PDF\"><a href=\"https:\/\/feniks.nfz.gov.pl\/wp-content\/uploads\/2025\/01\/Zal.-2-Wzor-Wniosku-o-powierzenie-grantu-2.pdf\">&nbsp;Wz\u00f3r Wniosku o powierzenie grantu<\/a><\/p>\n\n\n\n<p class=\"wp-block-paragraph\"><img loading=\"lazy\" decoding=\"async\" width=\"20\" height=\"20\" class=\"wp-image-3083\" style=\"width: 20px;\" src=\"https:\/\/feniks.nfz.gov.pl\/wp-content\/uploads\/2026\/02\/Ikonka_PLIK_WORD-e1772188017273.png\" alt=\"Ikonka MsWord\"><a href=\"https:\/\/feniks.nfz.gov.pl\/wp-content\/uploads\/2025\/01\/Zal.-2a-do-wniosku-wzor-oswiadczenia-do-dysponowanie-nieruchomoscia-4.docx\">&nbsp;Za\u0142. 2a do wniosku \u2013 wz\u00f3r o\u015bwiadczenia do dysponowanie nieruchomo\u015bci\u0105<\/a><\/p>\n\n\n\n<p class=\"wp-block-paragraph\"><a href=\"https:\/\/feniks.nfz.gov.pl\/wp-content\/uploads\/2025\/01\/Zal.-2b-do-Wniosku-wzor-oswiadczenia-dot.-dofinansowania-z-innych-zrodel-4.docx\">&nbsp;<img loading=\"lazy\" decoding=\"async\" width=\"20\" height=\"20\" class=\"wp-image-3083\" style=\"width: 20px;\" src=\"https:\/\/feniks.nfz.gov.pl\/wp-content\/uploads\/2026\/02\/Ikonka_PLIK_WORD-e1772188017273.png\" alt=\"Ikonka MsWord\">Za\u0142. 2b do Wniosku \u2013 wz\u00f3r o\u015bwiadczenia dot. dofinansowania z innych \u017ar\u00f3de\u0142<\/a><\/p>\n\n\n\n<p class=\"wp-block-paragraph\"><a href=\"https:\/\/feniks.nfz.gov.pl\/wp-content\/uploads\/2025\/01\/Zal.-2c-do-Wniosku-Wzor-oswiadczenia-dot.-pomocy-publicznej-4.docx\">&nbsp;<img loading=\"lazy\" decoding=\"async\" width=\"20\" height=\"20\" class=\"wp-image-3083\" style=\"width: 20px;\" src=\"https:\/\/feniks.nfz.gov.pl\/wp-content\/uploads\/2026\/02\/Ikonka_PLIK_WORD-e1772188017273.png\" alt=\"Ikonka MsWord\">Za\u0142. 2c do Wniosku \u2013 Wz\u00f3r o\u015bwiadczenia dot. pomocy publicznej<\/a><\/p>\n\n\n\n<div style=\"height:var(--wp--preset--spacing--50)\" aria-hidden=\"true\" class=\"wp-block-spacer\"><\/div>\n\n\n\n<h1 class=\"wp-block-heading\">Umowa z za\u0142\u0105cznikami \u2013 I nab\u00f3r<\/h1>\n\n\n\n<p class=\"wp-block-paragraph\">Poni\u017cej zamieszczamy wz\u00f3r umowy o powierzenie grantu w ramach niniejszego projektu, uzupe\u0142niony o wszystkie niezb\u0119dne za\u0142\u0105czniki.<\/p>\n\n\n\n<div style=\"height:var(--wp--preset--spacing--30)\" aria-hidden=\"true\" class=\"wp-block-spacer\"><\/div>\n\n\n\n<p class=\"wp-block-paragraph\"><a href=\"https:\/\/feniks.nfz.gov.pl\/wp-content\/uploads\/2025\/01\/Wzor-umowy-o-powierzenie-grantu.pdf\">&nbsp;<img loading=\"lazy\" decoding=\"async\" width=\"20\" height=\"20\" crossorigin=\"anonymous\" class=\"wp-image-3081\" style=\"width: 20px;\" src=\"https:\/\/feniks.nfz.gov.pl\/wp-content\/uploads\/2026\/02\/Ikonka_PLIK_PDF-e1772187937713.png\" alt=\"Ikonka PDF\">Wz\u00f3r umowy o powierzenie grantu<\/a><\/p>\n\n\n\n<p class=\"wp-block-paragraph\"><img loading=\"lazy\" decoding=\"async\" width=\"20\" height=\"20\" class=\"wp-image-3080\" style=\"width: 20px;\" src=\"https:\/\/feniks.nfz.gov.pl\/wp-content\/uploads\/2026\/02\/Ikonka_PLIK_EXEL-e1772187953592.png\" alt=\"Ikonka MSExel\"><a href=\"https:\/\/feniks.nfz.gov.pl\/wp-content\/uploads\/2025\/02\/Zalacznik-nr-4-do-umowy-HRP.xlsx\">&nbsp;Za\u0142\u0105cznik nr 4 do umowy \u2013 HRP<\/a><\/p>\n\n\n\n<p class=\"wp-block-paragraph\"><a href=\"https:\/\/feniks.nfz.gov.pl\/wp-content\/uploads\/2025\/02\/Zalacznik-nr-5-do-umowy-HP.xlsx\">&nbsp;<img loading=\"lazy\" decoding=\"async\" width=\"20\" height=\"20\" class=\"wp-image-3080\" style=\"width: 20px;\" src=\"https:\/\/feniks.nfz.gov.pl\/wp-content\/uploads\/2026\/02\/Ikonka_PLIK_EXEL-e1772187953592.png\" alt=\"Ikonka MSExel\">Za\u0142\u0105cznik nr 5 do umowy \u2013 HP<\/a><\/p>\n\n\n\n<div class=\"wp-block-file\"><a id=\"wp-block-file--media-2a196c1d-6bdb-4a5c-bd83-8721908f46dc\" href=\"https:\/\/feniks.nfz.gov.pl\/wp-content\/uploads\/2025\/01\/Zalacznik-nr-6-do-umowy-Wzor-oswiadczenia-o-niepodleganiu-wykluczeniu-z-mozliwosci-otrzymania-grantu-2.docx\"><img decoding=\"async\" class=\"wp-image-3083\" style=\"width: 25px;\" src=\"https:\/\/feniks.nfz.gov.pl\/wp-content\/uploads\/2026\/02\/Ikonka_PLIK_WORD.png\" alt=\"\">  Za\u0142\u0105cznik nr 6 do umowy &#8211; Wz\u00f3r o\u015bwiadczenia o niepodleganiu wykluczeniu z mo\u017cliwo\u015bci otrzymania grantu<\/a><\/div>\n\n\n\n<p class=\"wp-block-paragraph\"><a href=\"https:\/\/feniks.nfz.gov.pl\/wp-content\/uploads\/2025\/01\/Zal.-2c-do-Wniosku-Wzor-oswiadczenia-dot.-pomocy-publicznej-4.docx\"><img loading=\"lazy\" decoding=\"async\" width=\"20\" height=\"20\" class=\"wp-image-3083\" style=\"width: 20px;\" src=\"https:\/\/feniks.nfz.gov.pl\/wp-content\/uploads\/2026\/02\/Ikonka_PLIK_WORD-e1772188017273.png\" alt=\"Ikonka MsWord\"><\/a><a href=\"https:\/\/feniks.nfz.gov.pl\/wp-content\/uploads\/2025\/01\/Zalacznik-nr-7-do-umowy-Wzor-oswiadczenia-o-kwalifikowalnosci-podatku-od-towarow-i-uslug-3.doc\">&nbsp;Za\u0142\u0105cznik nr 7 do umowy \u2013 Wz\u00f3r o\u015bwiadczenia o kwalifikowalno\u015bci podatku od towar\u00f3w i us\u0142ug<\/a><\/p>\n\n\n\n<div class=\"wp-block-file\"><a id=\"wp-block-file--media-43a01e04-4286-401b-a26c-0a0366804c43\" href=\"https:\/\/feniks.nfz.gov.pl\/wp-content\/uploads\/2025\/04\/Zalacznik-nr-8-do-umowy-Wzor-Oswiadczenia-o-braku-wspolpracy-z-Rosja-1.pdf\"><img decoding=\"async\" class=\"wp-image-3081\" style=\"width: 25px;\" src=\"https:\/\/feniks.nfz.gov.pl\/wp-content\/uploads\/2026\/02\/Ikonka_PLIK_PDF.png\" alt=\"\">  Za\u0142\u0105cznik nr 8 do umowy &#8211; Wz\u00f3r O\u015bwiadczenia o braku wsp\u00f3\u0142pracy z Rosja<\/a><\/div>\n\n\n\n<div class=\"wp-block-file\"><a id=\"wp-block-file--media-1e1a1bbd-b212-4051-900c-57c32cec74a0\" href=\"https:\/\/feniks.nfz.gov.pl\/wp-content\/uploads\/2025\/01\/Zalacznik-nr-8-do-umowy-Wzor-Oswiadczenia-o-braku-wspolpracy-z-Rosja-2.docx\"><img decoding=\"async\" class=\"wp-image-3083\" style=\"width: 25px;\" src=\"https:\/\/feniks.nfz.gov.pl\/wp-content\/uploads\/2026\/02\/Ikonka_PLIK_WORD.png\" alt=\"\">  Za\u0142\u0105cznik nr 8 do umowy &#8211; Wz\u00f3r O\u015bwiadczenia o braku wsp\u00f3\u0142pracy z Rosj\u0105<\/a><\/div>\n\n\n\n<div class=\"wp-block-file\"><a id=\"wp-block-file--media-0d842b59-5e1b-4176-b2dc-f948f751ab08\" href=\"https:\/\/feniks.nfz.gov.pl\/wp-content\/uploads\/2025\/01\/Zalacznik-nr-9-do-umowy-Klauzula-informacyjna-2.docx\"><img decoding=\"async\" class=\"wp-image-3083\" style=\"width: 25px;\" src=\"https:\/\/feniks.nfz.gov.pl\/wp-content\/uploads\/2026\/02\/Ikonka_PLIK_WORD.png\" alt=\"\">  Za\u0142\u0105cznik nr 9 do umowy &#8211; Klauzula informacyjna<\/a><\/div>\n\n\n\n<div class=\"wp-block-file\"><a id=\"wp-block-file--media-c8cd8222-0818-4125-8fbe-2f2187c2727d\" href=\"https:\/\/feniks.nfz.gov.pl\/wp-content\/uploads\/2025\/01\/Zalacznik-nr-10-do-umowy-Zakres-kategorii-udostepnianych-danych-osobowych.docx\"><img decoding=\"async\" class=\"wp-image-3083\" style=\"width: 25px;\" src=\"https:\/\/feniks.nfz.gov.pl\/wp-content\/uploads\/2026\/02\/Ikonka_PLIK_WORD.png\" alt=\"\">  Za\u0142\u0105cznik nr 10 do umowy &#8211; Zakres kategorii udost\u0119pnianych danych osobowych<\/a><\/div>\n\n\n\n<div style=\"height:var(--wp--preset--spacing--30)\" aria-hidden=\"true\" class=\"wp-block-spacer\"><\/div>\n\n\n\n<p class=\"wp-block-paragraph\">Do umowy nale\u017cy do\u0142\u0105czy\u0107 kopi\u0119 dokumentu potwierdzaj\u0105cego umocowanie przedstawiciela Grantobiorcy do dzia\u0142ania w jego imieniu i na jego rzecz.<\/p>\n","protected":false},"excerpt":{"rendered":"<p>Wniosek o powierzenie grantu \u2013 I nab\u00f3r Wniosek o powierzenie grantu mo\u017cna z\u0142o\u017cy\u0107 za po\u015brednictwem dedykowanej aplikacji do sk\u0142adania wniosk\u00f3w, gdy tylko og\u0142osimy kolejny nab\u00f3r. Szczeg\u00f3\u0142y dotycz\u0105ce termin\u00f3w oraz zasad sk\u0142adania wniosk\u00f3w zostan\u0105 podane w odpowiednim czasie. &nbsp;Wz\u00f3r Wniosku o powierzenie grantu &nbsp;Za\u0142. 2a do wniosku \u2013 wz\u00f3r o\u015bwiadczenia do dysponowanie nieruchomo\u015bci\u0105 &nbsp;Za\u0142. 2b do [&hellip;]<\/p>\n","protected":false},"author":9,"featured_media":0,"parent":0,"menu_order":0,"comment_status":"closed","ping_status":"closed","template":"","meta":{"_crdt_document":"","footnotes":""},"class_list":["post-3539","page","type-page","status-publish","hentry"],"_links":{"self":[{"href":"https:\/\/feniks.nfz.gov.pl\/index.php\/wp-json\/wp\/v2\/pages\/3539","targetHints":{"allow":["GET"]}}],"collection":[{"href":"https:\/\/feniks.nfz.gov.pl\/index.php\/wp-json\/wp\/v2\/pages"}],"about":[{"href":"https:\/\/feniks.nfz.gov.pl\/index.php\/wp-json\/wp\/v2\/types\/page"}],"author":[{"embeddable":true,"href":"https:\/\/feniks.nfz.gov.pl\/index.php\/wp-json\/wp\/v2\/users\/9"}],"replies":[{"embeddable":true,"href":"https:\/\/feniks.nfz.gov.pl\/index.php\/wp-json\/wp\/v2\/comments?post=3539"}],"version-history":[{"count":2,"href":"https:\/\/feniks.nfz.gov.pl\/index.php\/wp-json\/wp\/v2\/pages\/3539\/revisions"}],"predecessor-version":[{"id":3547,"href":"https:\/\/feniks.nfz.gov.pl\/index.php\/wp-json\/wp\/v2\/pages\/3539\/revisions\/3547"}],"wp:attachment":[{"href":"https:\/\/feniks.nfz.gov.pl\/index.php\/wp-json\/wp\/v2\/media?parent=3539"}],"curies":[{"name":"wp","href":"https:\/\/api.w.org\/{rel}","templated":true}]}}