{"id":3449,"date":"2026-03-04T12:35:15","date_gmt":"2026-03-04T12:35:15","guid":{"rendered":"https:\/\/feniks.nfz.gov.pl\/?page_id=3449"},"modified":"2026-03-04T12:38:08","modified_gmt":"2026-03-04T12:38:08","slug":"ochrona-danych","status":"publish","type":"page","link":"https:\/\/feniks.nfz.gov.pl\/index.php\/ochrona-danych\/","title":{"rendered":"Ochrona danych osobowych"},"content":{"rendered":"\n<div style=\"height:30px\" aria-hidden=\"true\" class=\"wp-block-spacer\"><\/div>\n\n\n\n<h1 class=\"wp-block-heading\">Klauzula informacyjna<\/h1>\n\n\n\n<p class=\"wp-block-paragraph\">W celu wykonania obowi\u0105zku na\u0142o\u017conego art. 13 i 14 RODO<sup>1<\/sup>, w zwi\u0105zku z art. 88 ustawy wdro\u017ceniowej, tj. ustawy o zasadach realizacji zada\u0144 finansowanych ze \u015brodk\u00f3w europejskich w perspektywie finansowej 2021-2027<sup>2<\/sup> ,informujemy o zasadach przetwarzania Pa\u0144stwa danych osobowych :<\/p>\n\n\n\n<div style=\"height:30px\" aria-hidden=\"true\" class=\"wp-block-spacer\"><\/div>\n\n\n\n<h2 class=\"wp-block-heading\">I. Administrator danych<\/h2>\n\n\n\n<p class=\"wp-block-paragraph\">Odr\u0119bnymi administratorami danych osobowych s\u0105:<\/p>\n\n\n\n<ol class=\"wp-block-list\">\n<li>Minister Funduszy i Polityki Regionalnej (MFiPR)<sup>3<\/sup>, w zakresie w jakim pe\u0142ni funkcj\u0119 Instytucji Zarz\u0105dzaj\u0105cej (IZ) programem Fundusze Europejskie na Infrastruktur\u0119, Klimat, \u015arodowisko 2021-2027 (FEnIKS 2021-2027)<sup>4<\/sup>, z siedzib\u0105 przy ul. Wsp\u00f3lnej 2\/4, 00-926 Warszawa;<\/li>\n\n\n\n<li>Minister Zdrowia w zakresie w jakim pe\u0142ni funkcj\u0119 Instytucji Po\u015brednicz\u0105cej (IP)<s>\/Instytucji wdra\u017caj\u0105cej (IW)<\/s> FEnIKS 2021-2027 w ramach priorytetu FENX.06 Zdrowie\/dzia\u0142ania FENX.06.01 System ochrony zdrowia, z siedzib\u0105 przy ul. Miodowej 15, 00-952 Warszawa.<\/li>\n\n\n\n<li>Beneficjent &#8211; Narodowy Fundusz Zdrowia, z siedzib\u0105 w Warszawie, przy ul. Rakowieckiej 26\/30, kod pocztowy: 02-528<\/li>\n<\/ol>\n\n\n\n<div style=\"height:30px\" aria-hidden=\"true\" class=\"wp-block-spacer\"><\/div>\n\n\n\n<h2 class=\"wp-block-heading\">II. Cel przetwarzania danych<\/h2>\n\n\n\n<p class=\"wp-block-paragraph\">Pa\u0144stwa dane osobowe b\u0119dziemy przetwarza\u0107 w zwi\u0105zku z realizacj\u0105 FEnIKS 2021-2027, w szczeg\u00f3lno\u015bci w celach zwi\u0105zanych z realizacj\u0105 projektu pn. Wsparcie podstawowej opieki zdrowotnej (POZ), w tym w celu umo\u017cliwienia wykonywania obowi\u0105zk\u00f3w wynikaj\u0105cych z Umowy realizowanej w ramach priorytetu FENX.06 Zdrowie \/dzia\u0142ania FENX.06.01 System ochrony zdrowia.<br>Podanie danych jest dobrowolne, ale konieczne do realizacji ww. celu. Odmowa ich podania jest r\u00f3wnoznaczna z brakiem mo\u017cliwo\u015bci podj\u0119cia stosownych dzia\u0142a\u0144.<\/p>\n\n\n\n<div style=\"height:30px\" aria-hidden=\"true\" class=\"wp-block-spacer\"><\/div>\n\n\n\n<h2 class=\"wp-block-heading\">III. Podstawa przetwarzania<\/h2>\n\n\n\n<p class=\"wp-block-paragraph\">B\u0119dziemy przetwarza\u0107 Pa\u0144stwa dane osobowe w zwi\u0105zku z tym, \u017ce:<\/p>\n\n\n\n<ol class=\"wp-block-list\">\n<li>Zobowi\u0105zuje nas do tego prawo (art. 6 ust. 1 lit. c RODO) lub wykonujemy zadania w interesie publicznym albo sprawujemy powierzon\u0105 nam w\u0142adz\u0119 publiczn\u0105 (art. 6 ust. 1 lit. e RODO), a wszystkie te zobowi\u0105zania wynikaj\u0105 z poni\u017cszych akt\u00f3w prawa:\n<ul class=\"wp-block-list\">\n<li>rozporz\u0105dzenie Parlamentu Europejskiego i Rady (UE) nr 2021\/1060 z 24 czerwca 2021 r. ustanawiaj\u0105ce wsp\u00f3lne przepisy dotycz\u0105ce Europejskiego Funduszu Rozwoju na Infrastruktur\u0119, Klimat, \u015arodowisko 2021-2027 (FEnIKS) dla priorytet\u00f3w: VI Zdrowie, VIII Pomoc Techniczna. Regionalnego, Europejskiego Funduszu Spo\u0142ecznego Plus, Funduszu Sp\u00f3jno\u015bci,<br>Funduszu na rzecz Sprawiedliwej Transformacji i Europejskiego Funduszu Morskiego, Rybackiego i Akwakultury, a tak\u017ce przepisy finansowe na potrzeby tych funduszy oraz na potrzeby Funduszu Azylu, Migracji i Integracji, Funduszu Bezpiecze\u0144stwa Wewn\u0119trznego i Instrumentu Wsparcia Finansowego na rzecz Zarz\u0105dzania Granicami i Polityki Wizowej,<\/li>\n\n\n\n<li>rozporz\u0105dzenie Parlamentu Europejskiego i Rady (UE) nr 2021\/1058 z 24 czerwca 2021 r. w sprawie Europejskiego Funduszu Rozwoju Regionalnego i Funduszu Sp\u00f3jno\u015bci,<\/li>\n\n\n\n<li>rozporz\u0105dzenie Parlamentu Europejskiego i Rady (UE, Euratom) 2018\/1046 z 18 lipca 2018 r. w sprawie zasad finansowych maj\u0105cych zastosowanie do bud\u017cetu og\u00f3lnego Unii, zmieniaj\u0105ce rozporz\u0105dzenia (UE) nr 1296\/2013, (UE) nr 1301\/2013, (UE) nr 1303\/2013, (UE) nr 1304\/2013, (UE) nr 1309\/2013, (UE) nr 1316\/2013, (UE) nr 223\/2014 i (UE) nr 283\/2014 oraz decyzj\u0119 nr 541\/2014\/UE, a tak\u017ce uchylaj\u0105ce rozporz\u0105dzenie (UE, Euratom) nr 966\/2012,<\/li>\n\n\n\n<li>ustawa z 28 kwietnia 2022 r. o zasadach realizacji zada\u0144 finansowanych ze \u015brodk\u00f3w europejskich w perspektywie finansowej 2021-2027,<\/li>\n\n\n\n<li>ustawa z 14 czerwca 1960 r. \u2013 Kodeks post\u0119powania administracyjnego,<\/li>\n\n\n\n<li>ustawa z 27 sierpnia 2009 r. o finansach publicznych.<\/li>\n<\/ul>\n<\/li>\n\n\n\n<li>Wykonujemy zadania w interesie publicznym lub sprawujemy powierzon\u0105 nam w\u0142adz\u0119 publiczn\u0105 (art. 6 ust. 1 lit. e RODO);<\/li>\n\n\n\n<li>Przygotowujemy i realizujemy umowy, kt\u00f3rych stron\u0105 s\u0105 osoby, kt\u00f3rych dane dotycz\u0105, a przetwarzanie danych osobowych jest niezb\u0119dne do ich zawarcia i wykonania (art. 6 lit 1 ust. b RODO).<\/li>\n<\/ol>\n\n\n\n<div style=\"height:30px\" aria-hidden=\"true\" class=\"wp-block-spacer\"><\/div>\n\n\n\n<h2 class=\"wp-block-heading\">IV. Rodzaje przetwarzanych danych<\/h2>\n\n\n\n<p class=\"wp-block-paragraph\">Mo\u017cemy przetwarza\u0107 nast\u0119puj\u0105ce rodzaje Pa\u0144stwa danych:<\/p>\n\n\n\n<ol class=\"wp-block-list\">\n<li>dane identyfikacyjne, wskazane w art. 87 ust. 2 pkt 1 ustawy wdro\u017ceniowej, w tym: imi\u0119, nazwisko, adres, adres poczty elektronicznej, numer telefonu, numer faksu, PESEL,REGON, wykszta\u0142cenie, identyfikatory internetowe,<\/li>\n\n\n\n<li>dane zwi\u0105zane z zakresem uczestnictwa Pa\u0144stwa jako os\u00f3b fizycznych w projekcie, wskazane w art. 87 ust. 2 pkt 2 ustawy wdro\u017ceniowej, w tym w szczeg\u00f3lno\u015bci: kwota wynagrodzenia, forma i okres zaanga\u017cowania w projekcie,<\/li>\n\n\n\n<li>dane Pa\u0144stwa jako os\u00f3b fizycznych widniej\u0105ce na dokumentach potwierdzaj\u0105cych kwalifikowalno\u015b\u0107 wydatk\u00f3w, wskazane w art. 87 ust. 2 pkt 3 ustawy wdro\u017ceniowej, m.in. numer rachunku bankowego, numer uprawnie\u0144 budowlanych, numer ksi\u0119gi<br>wieczystej,<\/li>\n\n\n\n<li>dane w postaci wizerunku i g\u0142osu Pa\u0144stwa jako os\u00f3b uczestnicz\u0105cych w realizacji FEnIKS 2021-2027 lub bior\u0105cych udzia\u0142 w wydarzeniach z nim zwi\u0105zanych. Dane pozyskujemy bezpo\u015brednio od os\u00f3b, kt\u00f3rych one dotycz\u0105, albo od instytucji i podmiot\u00f3w zaanga\u017cowanych w realizacj\u0119 FEnIKS 2021-2027, w tym w szczeg\u00f3lno\u015bci od wnioskodawc\u00f3w, beneficjent\u00f3w, partner\u00f3w, wykonawc\u00f3w.<\/li>\n<\/ol>\n\n\n\n<div style=\"height:30px\" aria-hidden=\"true\" class=\"wp-block-spacer\"><\/div>\n\n\n\n<h2 class=\"wp-block-heading\">V. Odbiorcy danych osobowych.<\/h2>\n\n\n\n<p class=\"wp-block-paragraph\">Pa\u0144stwa dane osobowe mog\u0105 by\u0107 powierzane lub udost\u0119pniane:<\/p>\n\n\n\n<ol class=\"wp-block-list\">\n<li>innym podmiotom, w tym ekspertom o kt\u00f3rych mowa w art. 80 ustawy wdro\u017ceniowej, kt\u00f3rym zlecili\u015bmy wykonywanie zada\u0144 w ramach FEnIKS 2021-2027, Instytucji Audytowej, o kt\u00f3rej mowa w art. 71 rozporz\u0105dzenia 2021\/1060 z 24 czerwca 2021 r. kt\u00f3r\u0105 w przypadku FEnIKS 2021-2027 jest Szef Krajowej Administracji Skarbowej<sup>5<\/sup>,<\/li>\n\n\n\n<li>instytucjom Unii Europejskiej (UE) lub podmiotom, kt\u00f3rym UE powierzy\u0142a zadania dotycz\u0105ce wdra\u017cania FEnIKS 2021-2027;<\/li>\n\n\n\n<li>podmiotom, kt\u00f3re wykonuj\u0105 dla nas us\u0142ugi zwi\u0105zane z obs\u0142ug\u0105 i rozwojem system\u00f3w teleinformatycznych, a tak\u017ce z  zapewnieniem \u0142\u0105czno\u015bci, np. dostawcom rozwi\u0105za\u0144 IT i operatorom telekomunikacyjnym.<\/li>\n<\/ol>\n\n\n\n<div style=\"height:30px\" aria-hidden=\"true\" class=\"wp-block-spacer\"><\/div>\n\n\n\n<h2 class=\"wp-block-heading\">VI. Okres przechowywania danych<\/h2>\n\n\n\n<p class=\"wp-block-paragraph\">B\u0119dziemy przechowywa\u0107 Pa\u0144stwa dane osobowe przez okres realizacji umowy o dofinansowanie, w tym co najmniej przez okres 5 lat od 31 grudnia tego roku, w kt\u00f3rym IP<s>\/IW<\/s> dokona ostatniej p\u0142atno\u015bci na rzecz Beneficjenta z zastrze\u017ceniem postanowie\u0144 umowy o dofinansowanie, kt\u00f3re mog\u0105 przewidywa\u0107 d\u0142u\u017cszy termin przeprowadzania kontroli, a ponadto przepis\u00f3w dotycz\u0105cych pomocy publicznej i pomocy de minimis oraz przepis\u00f3w dotycz\u0105cych podatku od towar\u00f3w i us\u0142ug, a tak\u017ce zgodnie z przepisami o narodowym zasobie archiwalnym i archiwach.<\/p>\n\n\n\n<div style=\"height:30px\" aria-hidden=\"true\" class=\"wp-block-spacer\"><\/div>\n\n\n\n<h2 class=\"wp-block-heading\">VII. Prawa os\u00f3b, kt\u00f3rych dane dotycz\u0105<\/h2>\n\n\n\n<ol class=\"wp-block-list\">\n<li>prawo dost\u0119pu do swoich danych oraz otrzymania ich kopii (art. 15 RODO),<\/li>\n\n\n\n<li>prawo do sprostowania swoich danych (art. 16 RODO),<\/li>\n\n\n\n<li>prawo do usuni\u0119cia swoich danych (art. 17 RODO) &#8211; je\u015bli nie zaistnia\u0142y okoliczno\u015bci, o kt\u00f3rych mowa w art. 17 ust. 3 RODO,<\/li>\n\n\n\n<li>prawo do \u017c\u0105dania od administratora ograniczenia przetwarzania swoich danych (art. 18 RODO),<\/li>\n\n\n\n<li>prawo do przenoszenia swoich danych (art. 20 RODO) &#8211; je\u015bli przetwarzanie odbywa si\u0119 na podstawie umowy: w celu jej zawarcia lub realizacji (w my\u015bl art. 6 ust. 1 lit. b RODO), oraz w spos\u00f3b zautomatyzowany,<\/li>\n\n\n\n<li>prawo wniesienia sprzeciwu wobec przetwarzania swoich danych (art. 21 RODO) \u2013 je\u015bli przetwarzanie odbywa si\u0119 w celu wykonywania zadania realizowanego w interesie publicznym lub w ramach sprawowania w\u0142adzy publicznej, powierzonej<br>administratorowi (tj. w celu, o kt\u00f3rym mowa w art. 6 ust. 1 lit. e),<\/li>\n\n\n\n<li>prawo wniesienia skargi (art. 77 RODO) do organu nadzorczego tj. Prezesa Urz\u0119du Ochrony Danych Osobowych &#8211; w przypadku uznania, i\u017c przetwarzanie jej danych osobowych narusza przepisy RODO lub inne przepisy prawa reguluj\u0105ce kwesti\u0119 ochrony danych osobowych.<\/li>\n<\/ol>\n\n\n\n<div style=\"height:30px\" aria-hidden=\"true\" class=\"wp-block-spacer\"><\/div>\n\n\n\n<h2 class=\"wp-block-heading\">VIII. Zautomatyzowane podejmowanie decyzji<\/h2>\n\n\n\n<p class=\"wp-block-paragraph\">Pa\u0144stwa dane osobowe nie b\u0119d\u0105 podlega\u0142y zautomatyzowanemu podejmowaniu decyzji, w tym profilowaniu.<\/p>\n\n\n\n<div style=\"height:30px\" aria-hidden=\"true\" class=\"wp-block-spacer\"><\/div>\n\n\n\n<h2 class=\"wp-block-heading\">IX. Przekazywanie danych do pa\u0144stwa trzeciego<\/h2>\n\n\n\n<p class=\"wp-block-paragraph\">Pa\u0144stwa dane osobowe nie b\u0119d\u0105 przekazywane do pa\u0144stwa trzeciego lub organizacji mi\u0119dzynarodowej innej ni\u017c Unia Europejska.<\/p>\n\n\n\n<div style=\"height:30px\" aria-hidden=\"true\" class=\"wp-block-spacer\"><\/div>\n\n\n\n<h2 class=\"wp-block-heading\">X. Kontakt z administratorem danych i Inspektorem Ochrony Danych<\/h2>\n\n\n\n<p class=\"wp-block-paragraph\">Pytania dotycz\u0105ce przetwarzania przez nas danych osobowych mo\u017cna kierowa\u0107 do Inspektor\u00f3w Ochrony Danych Osobowych (IOD) w nast\u0119puj\u0105cy spos\u00f3b:<\/p>\n\n\n\n<ol class=\"wp-block-list\">\n<li>IOD MFiPR:\n<ul class=\"wp-block-list\">\n<li>poczt\u0105 tradycyjn\u0105, kieruj\u0105c korespondencj\u0119 na adres ul. Wsp\u00f3lna 2\/4, 00-926<br>Warszawa;<\/li>\n\n\n\n<li>elektronicznie na adres e-mail: IOD@mfipr.gov.pl.<\/li>\n<\/ul>\n<\/li>\n\n\n\n<li>IOD MZ:\n<ul class=\"wp-block-list\">\n<li>poczt\u0105 tradycyjn\u0105, kieruj\u0105c korespondencj\u0119 na adres: ul. Miodowa 15, 00-952<br>Warszawa;<\/li>\n\n\n\n<li>elektronicznie na adres e-mail: IOD@mz.gov.pl.<\/li>\n<\/ul>\n<\/li>\n\n\n\n<li>Beneficjent &#8211; Narodowy Fundusz Zdrowia:\n<ul class=\"wp-block-list\">\n<li>poczt\u0105 tradycyjn\u0105, kieruj\u0105c korespondencj\u0119 na adres: ul. Rakowiecka 26\/30, 02-<br>528 Warszawa<\/li>\n\n\n\n<li>elektronicznie na adres e-mail: iod@nfz.gov.pl<\/li>\n<\/ul>\n<\/li>\n<\/ol>\n\n\n\n<div style=\"height:var(--wp--preset--spacing--70)\" aria-hidden=\"true\" class=\"wp-block-spacer\"><\/div>\n\n\n\n<p class=\"has-small-font-size wp-block-paragraph\"><sup>1 <\/sup>Rozporz\u0105dzenie Parlamentu Europejskiego i Rady (UE) nr 2016\/679 z 27 kwietnia 2016 r. w sprawie ochrony os\u00f3b fizycznych w zwi\u0105zku z przetwarzaniem danych osobowych i w sprawie swobodnego przep\u0142ywu takich danych (Dz. Urz. UE. L 119 z 4 maja 2016 r., ss. 1-88, Dz. Urz. UE L 127 z 23 maja 2018 r., s. 2, oraz Dz. Urz. UE L 74 z 4 marca 2021 r., s. 35).<\/p>\n\n\n\n<p class=\"has-small-font-size wp-block-paragraph\"><sup>2<\/sup>(Dz. U. z 2022 r. poz. 1079).<\/p>\n\n\n\n<p class=\"has-small-font-size wp-block-paragraph\"><sup>3<\/sup> Na podstawie art. 8 ust. 1 pkt 1 ustawy wdro\u017ceniowej.<\/p>\n\n\n\n<p class=\"has-small-font-size wp-block-paragraph\"><sup>4<\/sup> Na podstawie zawartego z IZ z Ministerstwem Zdrowia Porozumienia w sprawie systemu realizacji Programu Fundusze Europejskie na Infrastruktur\u0119, Klimat, \u015arodowisko 2021-2027 (FEnIKS) dla priorytet\u00f3w: VI Zdrowie, VIII Pomoc Techniczna.<\/p>\n\n\n\n<p class=\"has-small-font-size wp-block-paragraph\"><sup>5<\/sup>Na podstawie art. 13 ust. 1 ustawy wdro\u017ceniowej.<\/p>\n","protected":false},"excerpt":{"rendered":"<p>Klauzula informacyjna W celu wykonania obowi\u0105zku na\u0142o\u017conego art. 13 i 14 RODO1, w zwi\u0105zku z art. 88 ustawy wdro\u017ceniowej, tj. ustawy o zasadach realizacji zada\u0144 finansowanych ze \u015brodk\u00f3w europejskich w perspektywie finansowej 2021-20272 ,informujemy o zasadach przetwarzania Pa\u0144stwa danych osobowych : I. Administrator danych Odr\u0119bnymi administratorami danych osobowych s\u0105: II. Cel przetwarzania danych Pa\u0144stwa dane [&hellip;]<\/p>\n","protected":false},"author":9,"featured_media":0,"parent":0,"menu_order":0,"comment_status":"closed","ping_status":"closed","template":"","meta":{"_crdt_document":"","footnotes":""},"class_list":["post-3449","page","type-page","status-publish","hentry"],"_links":{"self":[{"href":"https:\/\/feniks.nfz.gov.pl\/index.php\/wp-json\/wp\/v2\/pages\/3449","targetHints":{"allow":["GET"]}}],"collection":[{"href":"https:\/\/feniks.nfz.gov.pl\/index.php\/wp-json\/wp\/v2\/pages"}],"about":[{"href":"https:\/\/feniks.nfz.gov.pl\/index.php\/wp-json\/wp\/v2\/types\/page"}],"author":[{"embeddable":true,"href":"https:\/\/feniks.nfz.gov.pl\/index.php\/wp-json\/wp\/v2\/users\/9"}],"replies":[{"embeddable":true,"href":"https:\/\/feniks.nfz.gov.pl\/index.php\/wp-json\/wp\/v2\/comments?post=3449"}],"version-history":[{"count":4,"href":"https:\/\/feniks.nfz.gov.pl\/index.php\/wp-json\/wp\/v2\/pages\/3449\/revisions"}],"predecessor-version":[{"id":3456,"href":"https:\/\/feniks.nfz.gov.pl\/index.php\/wp-json\/wp\/v2\/pages\/3449\/revisions\/3456"}],"wp:attachment":[{"href":"https:\/\/feniks.nfz.gov.pl\/index.php\/wp-json\/wp\/v2\/media?parent=3449"}],"curies":[{"name":"wp","href":"https:\/\/api.w.org\/{rel}","templated":true}]}}