{"id":3137,"date":"2026-02-20T07:42:07","date_gmt":"2026-02-20T07:42:07","guid":{"rendered":"https:\/\/feniks.nfz.gov.pl\/?page_id=3137"},"modified":"2026-02-26T11:24:51","modified_gmt":"2026-02-26T11:24:51","slug":"procedura-od-20-02-2026-aktualna","status":"publish","type":"page","link":"https:\/\/feniks.nfz.gov.pl\/index.php\/procedura-od-20-02-2026-aktualna\/","title":{"rendered":"Procedura od 20.02.2026 &#8211; aktualna"},"content":{"rendered":"\n<div style=\"height:20px\" aria-hidden=\"true\" class=\"wp-block-spacer\"><\/div>\n\n\n\n<p class=\"wp-block-paragraph\" style=\"font-size:clamp(0.901rem, 0.901rem + ((1vw - 0.2rem) * 1.239), 1.35rem);\">Procedura realizacji projektu grantowego \u201eWsparcie podstawowej opieki zdrowotnej (POZ)\u201d , okre\u015bla zasady realizacji Projektu nr FENX.06.01-IP.03- 0001\/23 pod nazw\u0105 \u201eWsparcie podstawowej opieki zdrowotnej (POZ)\u201d, realizowanego w ramach Programu Fundusze Europejskie na Infrastruktur\u0119, Klimat, \u015arodowisko 2021-2027, wsp\u00f3\u0142finansowanego ze \u015brodk\u00f3w Europejskiego Funduszu Rozwoju Regionalnego, realizowanego na podstawie Umowy o dofinansowanie nr FENX.06.01-IP.03-0001\/23-00\/1374\/2024\/17 projektu grantowego \u201eWsparcie podstawowej opieki zdrowotnej (POZ)\u201d, zawartej w dniu 27.03.2024 r. pomi\u0119dzy Skarbem Pa\u0144stwa \u2013 Ministrem Zdrowia a Narodowym Funduszem Zdrowia.<\/p>\n\n\n\n<div style=\"height:20px\" aria-hidden=\"true\" class=\"wp-block-spacer\"><\/div>\n\n\n\n<div class=\"wp-block-file\"><a id=\"wp-block-file--media-31a3804d-48f0-4543-94a9-8ccd8dcc0340\" href=\"https:\/\/feniks.nfz.gov.pl\/wp-content\/uploads\/2026\/02\/Procedura-realizacji-projektu-grantowego.pdf\"><img decoding=\"async\" class=\"wp-image-3081\" style=\"width: 25px;\" src=\"https:\/\/feniks.nfz.gov.pl\/wp-content\/uploads\/2026\/02\/Ikonka_PLIK_PDF.png\" alt=\"\"> Procedura realizacji projektu grantowego<\/a><\/div>\n\n\n\n<div class=\"wp-block-file\"><a id=\"wp-block-file--media-588a8690-3629-446b-89f0-43d9ebe79f1c\" href=\"https:\/\/feniks.nfz.gov.pl\/wp-content\/uploads\/2026\/02\/Zalacznik-nr-1-do-procedury-Zestawienie-zakresu-rzeczowego.xlsx\"><img decoding=\"async\" class=\"wp-image-3080\" style=\"width: 25px;\" src=\"https:\/\/feniks.nfz.gov.pl\/wp-content\/uploads\/2026\/02\/Ikonka_PLIK_EXEL.png\" alt=\"\"> Za\u0142\u0105cznik nr 1 do Procedury &#8211; Zestawienie zakresu rzeczowego<\/a><\/div>\n\n\n\n<div class=\"wp-block-file\"><a id=\"wp-block-file--media-b47bf356-d200-4790-b034-676078ab0728\" href=\"https:\/\/feniks.nfz.gov.pl\/wp-content\/uploads\/2026\/02\/Zalacznik-nr-2-do-Procedury-wzor-wniosku.docx\"><img decoding=\"async\" class=\"wp-image-3083\" style=\"width: 25px;\" src=\"https:\/\/feniks.nfz.gov.pl\/wp-content\/uploads\/2026\/02\/Ikonka_PLIK_WORD.png\" alt=\"\"> Za\u0142\u0105cznik nr 2 do Procedury &#8211; wz\u00f3r wniosku<\/a><\/div>\n\n\n\n<div class=\"wp-block-file\"><a id=\"wp-block-file--media-fc625c8b-9954-4e79-b2be-835286cd0cb8\" href=\"https:\/\/feniks.nfz.gov.pl\/wp-content\/uploads\/2026\/02\/Zal.-2a-do-Wniosku-Oswiadczenie-o-dysponowaniu-nieruchomoscia.docx\"><img decoding=\"async\" class=\"wp-image-3083\" style=\"width: 25px;\" src=\"https:\/\/feniks.nfz.gov.pl\/wp-content\/uploads\/2026\/02\/Ikonka_PLIK_WORD.png\" alt=\"\"> Za\u0142. 2a do Wniosku O\u015bwiadczenie o dysponowaniu nieruchomo\u015bci\u0105<\/a><\/div>\n\n\n\n<div class=\"wp-block-file\"><a id=\"wp-block-file--media-6085769c-a74e-44b0-8e3b-73bf971aff0e\" href=\"https:\/\/feniks.nfz.gov.pl\/wp-content\/uploads\/2026\/02\/Zal.-2b-do-Wniosku_Oswiadczenie-dot.-dofinansowania-z-innych-zrodel.docx\"><img decoding=\"async\" class=\"wp-image-3083\" style=\"width: 25px;\" src=\"https:\/\/feniks.nfz.gov.pl\/wp-content\/uploads\/2026\/02\/Ikonka_PLIK_WORD.png\" alt=\"\"> Za\u0142. 2b do Wniosku_O\u015bwiadczenie dot. dofinansowania z innych \u017ar\u00f3de\u0142<\/a><\/div>\n\n\n\n<div class=\"wp-block-file\"><a id=\"wp-block-file--media-742b5bf9-d236-4bcb-a1f6-28838b792b79\" href=\"https:\/\/feniks.nfz.gov.pl\/wp-content\/uploads\/2026\/02\/Zal.-2c-do-wniosku-Oswiadczenie-Grantobiorcy-dot.-zgodnosci-z-przepisami-pomocy-publicznej-3.docx\"><img decoding=\"async\" class=\"wp-image-3083\" style=\"width: 25px;\" src=\"https:\/\/feniks.nfz.gov.pl\/wp-content\/uploads\/2026\/02\/Ikonka_PLIK_WORD.png\" alt=\"\"> Za\u0142. 2c do Wniosku O\u015bwiadczenie Grantobiorcy dot. zgodno\u015bci z przepisami pomocy publicznej<\/a><\/div>\n\n\n\n<div class=\"wp-block-file\"><a id=\"wp-block-file--media-7bdc3660-c4d6-4bbc-892c-ae984f8318ce\" href=\"https:\/\/feniks.nfz.gov.pl\/wp-content\/uploads\/2026\/02\/Zalacznik-nr-7-do-Wniosku-Harmonogram-Realizacji-Przedsiewziecia-1.xlsx\"><img decoding=\"async\" crossorigin=\"anonymous\" class=\"wp-image-3080\" style=\"width: 25px;\" src=\"https:\/\/feniks.nfz.gov.pl\/wp-content\/uploads\/2026\/02\/Ikonka_PLIK_EXEL.png\" alt=\"\">  Za\u0142\u0105cznik nr 7 do Wniosku- Harmonogram Realizacji Przedsi\u0119wzi\u0119cia<\/a><\/div>\n\n\n\n<div class=\"wp-block-file\"><a id=\"wp-block-file--media-30074ded-53ca-49de-84cc-7da0fb068c6d\" href=\"https:\/\/feniks.nfz.gov.pl\/wp-content\/uploads\/2026\/02\/Zalacznik-nr-3-do-Procedury-wykaz-kryteriow.docx\"><img decoding=\"async\" class=\"wp-image-3083\" style=\"width: 25px;\" src=\"https:\/\/feniks.nfz.gov.pl\/wp-content\/uploads\/2026\/02\/Ikonka_PLIK_WORD.png\" alt=\"\"> Za\u0142\u0105cznik nr 3 do Procedury &#8211; wykaz kryteri\u00f3w<\/a><\/div>\n\n\n\n<div class=\"wp-block-file\"><a id=\"wp-block-file--media-ee38f488-5f90-4851-8a5e-da43bbcf4d49\" href=\"https:\/\/feniks.nfz.gov.pl\/wp-content\/uploads\/2026\/02\/Zalacznik-nr-4-do-Procedury-arkusz-oceny.doc\"><img decoding=\"async\" class=\"wp-image-3080\" style=\"width: 25px;\" src=\"https:\/\/feniks.nfz.gov.pl\/wp-content\/uploads\/2026\/02\/Ikonka_PLIK_EXEL.png\" alt=\"\"> Za\u0142\u0105cznik nr 4 do Procedury &#8211; arkusz oceny<\/a><\/div>\n\n\n\n<div class=\"wp-block-file\"><a id=\"wp-block-file--media-45cc6b3a-58eb-4f7d-858a-357e12e5d37d\" href=\"https:\/\/feniks.nfz.gov.pl\/wp-content\/uploads\/2026\/02\/Zalacznik-nr-5-do-Procedury-\u2013-Wzor-umowy.docx\"><img decoding=\"async\" class=\"wp-image-3083\" style=\"width: 25px;\" src=\"https:\/\/feniks.nfz.gov.pl\/wp-content\/uploads\/2026\/02\/Ikonka_PLIK_WORD.png\" alt=\"\"> Za\u0142\u0105cznik nr 5 do Procedury \u2013 Wz\u00f3r umowy<\/a><\/div>\n\n\n\n<div class=\"wp-block-file\"><a id=\"wp-block-file--media-72cde3f1-6828-48fc-a7d9-c77f7a9d4ecc\" href=\"https:\/\/feniks.nfz.gov.pl\/wp-content\/uploads\/2026\/02\/Zalacznik-nr-4-do-Umowy-Harmonogram-Realizacji-Przedsiewziecia-1.xlsx\"><img decoding=\"async\" crossorigin=\"anonymous\" class=\"wp-image-3080\" style=\"width: 25px;\" src=\"https:\/\/feniks.nfz.gov.pl\/wp-content\/uploads\/2026\/02\/Ikonka_PLIK_EXEL.png\" alt=\"\">  Za\u0142\u0105cznik nr 4 do Umowy &#8211; Harmonogram Realizacji Przedsi\u0119wzi\u0119cia<\/a><\/div>\n\n\n\n<div class=\"wp-block-file\"><a id=\"wp-block-file--media-81f92bfc-21a2-48b3-93a5-6bb14e21a2e8\" href=\"https:\/\/feniks.nfz.gov.pl\/wp-content\/uploads\/2026\/02\/Zalacznik-nr-5-do-umowy-Harmonogram-Platnosci-3.xlsx\"><img decoding=\"async\" class=\"wp-image-3080\" style=\"width: 25px;\" src=\"https:\/\/feniks.nfz.gov.pl\/wp-content\/uploads\/2026\/02\/Ikonka_PLIK_EXEL.png\" alt=\"\"> Za\u0142\u0105cznik nr 5 do Umowy &#8211; Harmonogram P\u0142atno\u015bci <\/a><\/div>\n\n\n\n<div class=\"wp-block-file\"><a id=\"wp-block-file--media-55789fb5-eda9-45d5-ad72-ed1767f0d446\" href=\"https:\/\/feniks.nfz.gov.pl\/wp-content\/uploads\/2026\/02\/Zalacznik-nr-6-do-Umowy_-Wzor-oswiadczenia-o-niepodleganiu-wykluczeniu-z-mozliwosci-otrzymania-grantu-finansowanego-ze-srodkow-Unii-Europejskiej.docx\"><img decoding=\"async\" class=\"wp-image-3083\" style=\"width: 25px;\" src=\"https:\/\/feniks.nfz.gov.pl\/wp-content\/uploads\/2026\/02\/Ikonka_PLIK_WORD.png\" alt=\"\"> Za\u0142\u0105cznik nr 6 do Umowy_ Wz\u00f3r o\u015bwiadczenia o niepodleganiu wykluczeniu z mo\u017cliwo\u015bci otrzymania grantu, finansowanego ze \u015brodk\u00f3w Unii Europejskiej<\/a><\/div>\n\n\n\n<div class=\"wp-block-file\"><a id=\"wp-block-file--media-ba569503-6866-4121-af2a-21ac18829759\" href=\"https:\/\/feniks.nfz.gov.pl\/wp-content\/uploads\/2026\/02\/Zalacznik-nr-7-do-umowy-Wzor-oswiadczenia-o-kwalifikowalnosci-podatku-od-towarow-i-uslug-w-Przedsiewzieciu-uwaga.doc\"><img decoding=\"async\" class=\"wp-image-3083\" style=\"width: 25px;\" src=\"https:\/\/feniks.nfz.gov.pl\/wp-content\/uploads\/2026\/02\/Ikonka_PLIK_WORD.png\" alt=\"\"> Za\u0142\u0105cznik nr 7 do Umowy &#8211; Wz\u00f3r o\u015bwiadczenia o kwalifikowalno\u015bci podatku od towar\u00f3w i us\u0142ug w Przedsi\u0119wzi\u0119ciu<\/a><\/div>\n\n\n\n<div class=\"wp-block-file\"><a id=\"wp-block-file--media-4bd61296-a554-43eb-bbe4-e3ae8403387e\" href=\"https:\/\/feniks.nfz.gov.pl\/wp-content\/uploads\/2026\/02\/Zalacznik-nr-8-do-Umowy-Oswiadczenie-o-braku-wykluczenia-z-postepowania-w-zwiazku-z-dzialaniami-Rosji-destabilizujacymi-sytuac.docx\"><img decoding=\"async\" class=\"wp-image-3083\" style=\"width: 25px;\" src=\"https:\/\/feniks.nfz.gov.pl\/wp-content\/uploads\/2026\/02\/Ikonka_PLIK_WORD.png\" alt=\"\"> Za\u0142\u0105cznik nr 8 do Umowy &#8211; O\u015bwiadczenie o braku wykluczenia z post\u0119powania w zwi\u0105zku z dzia\u0142aniami Rosji destabilizuj\u0105cymi sytuac<\/a><\/div>\n\n\n\n<div class=\"wp-block-file\"><a id=\"wp-block-file--media-eb8a783f-3393-440e-9ae6-875dce3e89e7\" href=\"https:\/\/feniks.nfz.gov.pl\/wp-content\/uploads\/2026\/02\/Zalacznik-nr-9-do-Umowy-Klauzula-antykorupcyjna.doc\"><img decoding=\"async\" class=\"wp-image-3083\" style=\"width: 25px;\" src=\"https:\/\/feniks.nfz.gov.pl\/wp-content\/uploads\/2026\/02\/Ikonka_PLIK_WORD.png\" alt=\"\"> Za\u0142\u0105cznik nr 9 do Umowy &#8211; Klauzula antykorupcyjna<\/a><\/div>\n\n\n\n<div class=\"wp-block-file\"><a id=\"wp-block-file--media-13185eb6-32ee-4991-848d-61b728997e60\" href=\"https:\/\/feniks.nfz.gov.pl\/wp-content\/uploads\/2026\/02\/Zalacznik-nr-10-do-umowy-Klauzula-Inf.docx\"><img decoding=\"async\" class=\"wp-image-3083\" style=\"width: 25px;\" src=\"https:\/\/feniks.nfz.gov.pl\/wp-content\/uploads\/2026\/02\/Ikonka_PLIK_WORD.png\" alt=\"\"> Za\u0142\u0105cznik nr 10 do Umowy &#8211; Klauzula Inf.<\/a><\/div>\n\n\n\n<div class=\"wp-block-file\"><a id=\"wp-block-file--media-a14e32df-2e2d-405c-9bbd-9705dc3f34e2\" href=\"https:\/\/feniks.nfz.gov.pl\/wp-content\/uploads\/2026\/02\/Zalacznik-nr-11-do-Umowy-zakres-kategorii-danych.doc\"><img decoding=\"async\" class=\"wp-image-3083\" style=\"width: 25px;\" src=\"https:\/\/feniks.nfz.gov.pl\/wp-content\/uploads\/2026\/02\/Ikonka_PLIK_WORD.png\" alt=\"\"> Za\u0142\u0105cznik nr 11 do Umowy &#8211; zakres kategorii danych<\/a><\/div>\n\n\n\n<div class=\"wp-block-file\"><a id=\"wp-block-file--media-42079335-ea3d-4edf-8bf9-ef78c964ad55\" href=\"https:\/\/feniks.nfz.gov.pl\/wp-content\/uploads\/2026\/02\/Zalacznik-nr-6-do-procedury-Wzor-sprawozdania-okresowego.-2.xlsx\"><img decoding=\"async\" class=\"wp-image-3080\" style=\"width: 25px;\" src=\"https:\/\/feniks.nfz.gov.pl\/wp-content\/uploads\/2026\/02\/Ikonka_PLIK_EXEL.png\" alt=\"\"> Za\u0142\u0105cznik nr 6 do Procedury &#8211; Wz\u00f3r-sprawozdania okresowego. <\/a><\/div>\n","protected":false},"excerpt":{"rendered":"<p>Procedura realizacji projektu grantowego \u201eWsparcie podstawowej opieki zdrowotnej (POZ)\u201d , okre\u015bla zasady realizacji Projektu nr FENX.06.01-IP.03- 0001\/23 pod nazw\u0105 \u201eWsparcie podstawowej opieki zdrowotnej (POZ)\u201d, realizowanego w ramach Programu Fundusze Europejskie na Infrastruktur\u0119, Klimat, \u015arodowisko 2021-2027, wsp\u00f3\u0142finansowanego ze \u015brodk\u00f3w Europejskiego Funduszu Rozwoju Regionalnego, realizowanego na podstawie Umowy o dofinansowanie nr FENX.06.01-IP.03-0001\/23-00\/1374\/2024\/17 projektu grantowego \u201eWsparcie podstawowej opieki [&hellip;]<\/p>\n","protected":false},"author":1,"featured_media":0,"parent":0,"menu_order":0,"comment_status":"closed","ping_status":"closed","template":"","meta":{"_crdt_document":"","footnotes":""},"class_list":["post-3137","page","type-page","status-publish","hentry"],"_links":{"self":[{"href":"https:\/\/feniks.nfz.gov.pl\/index.php\/wp-json\/wp\/v2\/pages\/3137","targetHints":{"allow":["GET"]}}],"collection":[{"href":"https:\/\/feniks.nfz.gov.pl\/index.php\/wp-json\/wp\/v2\/pages"}],"about":[{"href":"https:\/\/feniks.nfz.gov.pl\/index.php\/wp-json\/wp\/v2\/types\/page"}],"author":[{"embeddable":true,"href":"https:\/\/feniks.nfz.gov.pl\/index.php\/wp-json\/wp\/v2\/users\/1"}],"replies":[{"embeddable":true,"href":"https:\/\/feniks.nfz.gov.pl\/index.php\/wp-json\/wp\/v2\/comments?post=3137"}],"version-history":[{"count":12,"href":"https:\/\/feniks.nfz.gov.pl\/index.php\/wp-json\/wp\/v2\/pages\/3137\/revisions"}],"predecessor-version":[{"id":3310,"href":"https:\/\/feniks.nfz.gov.pl\/index.php\/wp-json\/wp\/v2\/pages\/3137\/revisions\/3310"}],"wp:attachment":[{"href":"https:\/\/feniks.nfz.gov.pl\/index.php\/wp-json\/wp\/v2\/media?parent=3137"}],"curies":[{"name":"wp","href":"https:\/\/api.w.org\/{rel}","templated":true}]}}