{"id":3,"date":"2025-01-16T13:15:43","date_gmt":"2025-01-16T13:15:43","guid":{"rendered":"https:\/\/feniks.nfz.gov.pl\/?page_id=3"},"modified":"2025-03-24T11:11:21","modified_gmt":"2025-03-24T11:11:21","slug":"privacy-policy","status":"publish","type":"page","link":"https:\/\/feniks.nfz.gov.pl\/index.php\/privacy-policy\/","title":{"rendered":"Polityka prywatno\u015bci i cookies"},"content":{"rendered":"\n<div style=\"height:30px\" aria-hidden=\"true\" class=\"wp-block-spacer\"><\/div>\n\n\n\n<h2 class=\"wp-block-heading has-text-align-center\"><\/h2>\n\n\n\n<p class=\"wp-block-paragraph\" style=\"font-size:clamp(0.875rem, 0.875rem + ((1vw - 0.2rem) * 1.172), 1.3rem);\"><strong>Polityka prywatno\u015bci<\/strong><\/p>\n\n\n\n<p class=\"wp-block-paragraph\">O ile nie zaznaczono inaczej, w\u0142a\u015bcicielem praw autorskich do tre\u015bci opublikowanych na stronie internetowej projektu pn. Wsparcie podstawowej opieki zdrowotnej \u201ePOZ\u201d jest Narodowy Fundusz Zdrowia.<\/p>\n\n\n\n<p class=\"wp-block-paragraph\">Prawem autorskim chroniona jest r\u00f3wnie\u017c szata graficzna oraz uk\u0142ad tre\u015bci prezentowanych w serwisie internetowym projektu.<\/p>\n\n\n\n<p class=\"wp-block-paragraph\">O ile nie zaznaczono inaczej, tre\u015bci opublikowane na stronie mo\u017cna przetwarza\u0107 bez uzyskania pisemnej zgody w\u0142a\u015bciciela strony z zastrze\u017ceniem, \u017ce nie mog\u0105 by\u0107 one przedmiotem obrotu komercyjnego jako samodzielne produkty oraz pod warunkiem wskazania \u017ar\u00f3d\u0142a pochodzenia &#8211; www.feniks.nfz.gov.pl.<\/p>\n\n\n\n<p class=\"wp-block-paragraph\">Narodowy Fundusz Zdrowia udziela zgody na wykorzystanie tre\u015bci zawartych na stronie (w ca\u0142o\u015bci lub fragmentach) we wskazanych poni\u017cej polach eksploatacji:<\/p>\n\n\n\n<ul class=\"wp-block-list\">\n<li>kopiowanie,<\/li>\n\n\n\n<li>drukowanie,<\/li>\n\n\n\n<li>powielanie w formie cyfrowej,<\/li>\n\n\n\n<li>zamieszczanie w og\u00f3lnodost\u0119pnych serwisach internetowych,<\/li>\n\n\n\n<li>cytowanie w pracach w\u0142asnych,<\/li>\n\n\n\n<li>wykorzystywanie w celach informacyjnych,<\/li>\n\n\n\n<li>wykorzystanie w zwi\u0105zku z udzielaniem \u015bwiadcze\u0144 opieki zdrowotnej w ramach umowy zawartej z Narodowym Funduszem Zdrowia.<\/li>\n<\/ul>\n\n\n\n<p class=\"wp-block-paragraph\"><strong>Polityka cookies<\/strong><\/p>\n\n\n\n<p class=\"wp-block-paragraph\">Strona nie zbiera w spos\u00f3b automatyczny \u017cadnych informacji, z wyj\u0105tkiem informacji zawartych w plikach cookies.<\/p>\n\n\n\n<p class=\"wp-block-paragraph\">Pliki cookies (tzw. \u201eciasteczka\u201d) stanowi\u0105 dane informatyczne, w szczeg\u00f3lno\u015bci pliki tekstowe, kt\u00f3re przechowywane s\u0105 w urz\u0105dzeniu ko\u0144cowym U\u017cytkownika Serwisu i przeznaczone s\u0105 do korzystania ze stron internetowych Serwisu. Cookies zazwyczaj zawieraj\u0105 nazw\u0119 strony internetowej, z kt\u00f3rej pochodz\u0105, czas przechowywania ich na urz\u0105dzeniu ko\u0144cowym oraz unikalny numer.<\/p>\n\n\n\n<p class=\"wp-block-paragraph\">Podmiotem zamieszczaj\u0105cym na urz\u0105dzeniu ko\u0144cowym U\u017cytkownika Serwisu pliki cookies oraz uzyskuj\u0105cym do nich dost\u0119p jest operator Serwisu Narodowego Funduszu Zdrowia z siedzib\u0105 pod adresem ul. Rakowiecka 26\/30 02-528 Warszawa<\/p>\n\n\n\n<p class=\"wp-block-paragraph\">Pliki cookies wykorzystywane s\u0105 w celu:<\/p>\n\n\n\n<ul class=\"wp-block-list\">\n<li>dostosowania zawarto\u015bci stron internetowych Serwisu do preferencji U\u017cytkownika oraz optymalizacji korzystania ze stron internetowych; w szczeg\u00f3lno\u015bci pliki te pozwalaj\u0105 rozpozna\u0107 urz\u0105dzenie U\u017cytkownika Serwisu i odpowiednio wy\u015bwietli\u0107 stron\u0119 internetow\u0105, dostosowan\u0105 do jego indywidualnych potrzeb;<\/li>\n\n\n\n<li>tworzenia statystyk, kt\u00f3re pomagaj\u0105 zrozumie\u0107, w jaki spos\u00f3b U\u017cytkownicy Serwisu korzystaj\u0105 ze stron internetowych, co umo\u017cliwia ulepszanie ich struktury i zawarto\u015bci;<\/li>\n\n\n\n<li>utrzymanie sesji U\u017cytkownika Serwisu (po zalogowaniu), dzi\u0119ki kt\u00f3rej U\u017cytkownik nie musi na ka\u017cdej podstronie Serwisu ponownie wpisywa\u0107 loginu i has\u0142a.<\/li>\n<\/ul>\n\n\n\n<p class=\"wp-block-paragraph\"><strong>Zakres polityki prywatno\u015bci<\/strong><\/p>\n\n\n\n<p class=\"wp-block-paragraph\">Na stronie internetowej projektu mog\u0105 znajdowa\u0107 si\u0119 odes\u0142ania do innych stron internetowych, kt\u00f3rymi nie administrujemy. Nie ponosimy odpowiedzialno\u015bci za zasady prywatno\u015bci obowi\u0105zuj\u0105ce na tych stronach, dlatego te\u017c zach\u0119camy do ka\u017cdorazowego weryfikowania polityk prywatno\u015bci\/plik\u00f3w cookies.<\/p>\n\n\n\n<p class=\"wp-block-paragraph\">Na stronie internetowej projektu mog\u0105 znajdowa\u0107 si\u0119 dane kontaktowe innych podmiot\u00f3w ni\u017c Narodowy Fundusz Zdrowia. Kieruj\u0105c korespondencj\u0119 na do tych podmiot\u00f3w nale\u017cy liczy\u0107 si\u0119 z tym, \u017ce b\u0119d\u0105 one przetwarza\u0142y dane osobowe zwi\u0105zane z t\u0105 korespondencj\u0105 niezale\u017cnie od Narodowego Funduszu Zdrowia. Nie ponosimy odpowiedzialno\u015bci za spos\u00f3b przetwarzania danych osobowych przez te podmioty.<\/p>\n\n\n\n<p class=\"wp-block-paragraph\">Klauzula przetwarzania danych osobowych udost\u0119pnionych drog\u0105 elektroniczn\u0105<\/p>\n\n\n\n<p class=\"wp-block-paragraph\"><strong>To\u017csamo\u015b\u0107 administratora<\/strong><\/p>\n\n\n\n<p class=\"wp-block-paragraph\">Administratorem danych jest Narodowy Fundusz Zdrowia z siedzib\u0105 w Warszawie, reprezentowany przez Prezesa Narodowego Funduszu Zdrowia, z kt\u00f3rym mo\u017ce si\u0119 Pani\/Pan kontaktowa\u0107 w nast\u0119puj\u0105cy spos\u00f3b:<\/p>\n\n\n\n<p class=\"wp-block-paragraph\">\u25aa listownie na adres siedziby administratora: 02-528 Warszawa, ul. Rakowiecka 26\/30<\/p>\n\n\n\n<p class=\"wp-block-paragraph\">\u25aa za pomoc\u0105 platformy ePUAP: NFZ-Centrala\/SkrytkaESP<\/p>\n\n\n\n<p class=\"wp-block-paragraph\">\u25aa e-mailem: sekretariat.gpf@nfz.gov.pl.<\/p>\n\n\n\n<p class=\"wp-block-paragraph\"><strong>Dane kontaktowe inspektora ochrony danych<\/strong><\/p>\n\n\n\n<p class=\"wp-block-paragraph\">Prezes NFZ wyznaczy\u0142 Inspektora Ochrony Danych do kontaktu z Pani\u0105\/Panem<\/p>\n\n\n\n<p class=\"wp-block-paragraph\">w sprawach dotycz\u0105cych przetwarzania danych osobowych oraz realizacji praw<\/p>\n\n\n\n<p class=\"wp-block-paragraph\">zwi\u0105zanych z przetwarzaniem danych, z kt\u00f3rym mo\u017cna kontaktowa\u0107 w nast\u0119puj\u0105cy<\/p>\n\n\n\n<p class=\"wp-block-paragraph\">spos\u00f3b:<\/p>\n\n\n\n<p class=\"wp-block-paragraph\">\u25aa listownie na adres siedziby administratora: 02-528 Warszawa, ul. Rakowiecka 26\/30<\/p>\n\n\n\n<p class=\"wp-block-paragraph\">\u25aa za pomoc\u0105 platformy ePUAP: NFZ-Centrala\/SkrytkaESP<\/p>\n\n\n\n<p class=\"wp-block-paragraph\">\u25aa e-mailem: iod@nfz.gov.pl<\/p>\n\n\n\n<p class=\"wp-block-paragraph\"><strong>Cele przetwarzania i podstawa prawna<\/strong><\/p>\n\n\n\n<p class=\"wp-block-paragraph\">Strona zawiera adresy skrzynek mailowych. U\u017cytkownik korzystaj\u0105cy z odno\u015bnika b\u0119d\u0105cego adresem e-mail zgadza si\u0119 na przetwarzanie jego danych (adres e-mail oraz dobrowolnie podanych danych w wiadomo\u015bci) w celu przes\u0142ania odpowiedzi na przes\u0142ane pytania.<\/p>\n\n\n\n<p class=\"wp-block-paragraph\"><strong>Odbiorcy danych<\/strong><\/p>\n\n\n\n<p class=\"wp-block-paragraph\">Pani \/ Pana dane osobowe mog\u0105 by\u0107 udost\u0119pniane i przekazywane organom administracji publicznej, s\u0142u\u017cbom, s\u0105dom i prokuraturze.<\/p>\n\n\n\n<p class=\"wp-block-paragraph\">PRZEKAZANIE DANYCH OSOBOWYCH DO PA\u0143STWA TRZECIEGO LUB ORGANIZACJI MI\u0118DZYNARODOWEJ<\/p>\n\n\n\n<p class=\"wp-block-paragraph\">Nie dotyczy.<\/p>\n\n\n\n<p class=\"wp-block-paragraph\"><strong>Okres przechowywania danych<\/strong><\/p>\n\n\n\n<p class=\"wp-block-paragraph\">Pani \/ Pana dane b\u0119d\u0105 przechowywane czasowo, tj. na potrzeby korespondencji.<\/p>\n\n\n\n<p class=\"wp-block-paragraph\"><strong>Prawa podmiot\u00f3w danych<\/strong><\/p>\n\n\n\n<p class=\"wp-block-paragraph\">Przys\u0142uguje Pani\/Panu prawo dost\u0119pu do Pani\/Pana danych oraz prawo \u017c\u0105dania ich sprostowania i usuni\u0119cia.<\/p>\n\n\n\n<p class=\"wp-block-paragraph\"><strong>Prawo wniesienia skargi do organu nadzorczego<\/strong><\/p>\n\n\n\n<p class=\"wp-block-paragraph\">Przys\u0142uguje Pani\/Panu prawo wniesienia skargi do organu nadzorczego zajmuj\u0105cego si\u0119 ochron\u0105 danych osobowych w pa\u0144stwie cz\u0142onkowskim Pani \/ Pana zwyk\u0142ego pobytu, miejsca pracy lub miejsca pope\u0142nienia domniemanego naruszenia.<\/p>\n\n\n\n<p class=\"wp-block-paragraph\">Biuro Prezesa Urz\u0119du Ochrony Danych Osobowych (PUODO)<\/p>\n\n\n\n<p class=\"wp-block-paragraph\">Adres: Stawki 2, 00-193 Warszawa<\/p>\n\n\n\n<p class=\"wp-block-paragraph\">Telefon: 22 531 03 00<\/p>\n\n\n\n<p class=\"wp-block-paragraph\"><strong>\u0179r\u00f3d\u0142o pochodzenia danych osobowych<\/strong><\/p>\n\n\n\n<p class=\"wp-block-paragraph\">Dane pochodz\u0105 od os\u00f3b kt\u00f3rych dane dotycz\u0105 i zosta\u0142y udost\u0119pnione celem nawi\u0105zania kontaktu.<\/p>\n\n\n\n<p class=\"wp-block-paragraph\"><strong>Informacja o dowolno\u015bci lub obowi\u0105zku podania danych<\/strong><\/p>\n\n\n\n<p class=\"wp-block-paragraph\" style=\"font-size:clamp(0.875rem, 0.875rem + ((1vw - 0.2rem) * 1.172), 1.3rem);\">Podanie danych osobowych by\u0142o dobrowolne ale warunkowa\u0142o mo\u017cliwo\u015b\u0107 podj\u0119cia dzia\u0142a\u0144 przez administratora danycho dobrowolne ale warunkowa\u0142o mo\u017cliwo\u015b\u0107 podj\u0119cia dzia\u0142a\u0144 przez administratora danych.<\/p>\n\n\n\n<p class=\"wp-block-paragraph\" style=\"font-size:clamp(0.875rem, 0.875rem + ((1vw - 0.2rem) * 1.172), 1.3rem);\"><\/p>\n","protected":false},"excerpt":{"rendered":"<p>Polityka prywatno\u015bci O ile nie zaznaczono inaczej, w\u0142a\u015bcicielem praw autorskich do tre\u015bci opublikowanych na stronie internetowej projektu pn. Wsparcie podstawowej opieki zdrowotnej \u201ePOZ\u201d jest Narodowy Fundusz Zdrowia. Prawem autorskim chroniona jest r\u00f3wnie\u017c szata graficzna oraz uk\u0142ad tre\u015bci prezentowanych w serwisie internetowym projektu. O ile nie zaznaczono inaczej, tre\u015bci opublikowane na stronie mo\u017cna przetwarza\u0107 bez uzyskania [&hellip;]<\/p>\n","protected":false},"author":1,"featured_media":0,"parent":0,"menu_order":0,"comment_status":"closed","ping_status":"open","template":"","meta":{"_crdt_document":"","footnotes":""},"class_list":["post-3","page","type-page","status-publish","hentry"],"_links":{"self":[{"href":"https:\/\/feniks.nfz.gov.pl\/index.php\/wp-json\/wp\/v2\/pages\/3","targetHints":{"allow":["GET"]}}],"collection":[{"href":"https:\/\/feniks.nfz.gov.pl\/index.php\/wp-json\/wp\/v2\/pages"}],"about":[{"href":"https:\/\/feniks.nfz.gov.pl\/index.php\/wp-json\/wp\/v2\/types\/page"}],"author":[{"embeddable":true,"href":"https:\/\/feniks.nfz.gov.pl\/index.php\/wp-json\/wp\/v2\/users\/1"}],"replies":[{"embeddable":true,"href":"https:\/\/feniks.nfz.gov.pl\/index.php\/wp-json\/wp\/v2\/comments?post=3"}],"version-history":[{"count":5,"href":"https:\/\/feniks.nfz.gov.pl\/index.php\/wp-json\/wp\/v2\/pages\/3\/revisions"}],"predecessor-version":[{"id":2586,"href":"https:\/\/feniks.nfz.gov.pl\/index.php\/wp-json\/wp\/v2\/pages\/3\/revisions\/2586"}],"wp:attachment":[{"href":"https:\/\/feniks.nfz.gov.pl\/index.php\/wp-json\/wp\/v2\/media?parent=3"}],"curies":[{"name":"wp","href":"https:\/\/api.w.org\/{rel}","templated":true}]}}