{"id":1592,"date":"2025-01-23T06:04:45","date_gmt":"2025-01-23T06:04:45","guid":{"rendered":"https:\/\/feniks.nfz.gov.pl\/?page_id=1592"},"modified":"2026-03-18T11:02:34","modified_gmt":"2026-03-18T11:02:34","slug":"kontakt","status":"publish","type":"page","link":"https:\/\/feniks.nfz.gov.pl\/index.php\/kontakt\/","title":{"rendered":"Kontakt"},"content":{"rendered":"\n<div style=\"height:var(--wp--preset--spacing--50)\" aria-hidden=\"true\" class=\"wp-block-spacer\"><\/div>\n\n\n\n<h1 class=\"wp-block-heading\">Centrala<\/h1>\n\n\n\n<div style=\"height:var(--wp--preset--spacing--20)\" aria-hidden=\"true\" class=\"wp-block-spacer\"><\/div>\n\n\n\n<figure class=\"wp-block-table is-style-regular has-medium-font-size\"><table class=\"has-foreground-color has-text-color has-link-color has-fixed-layout\"><tbody><tr><td><\/td><td class=\"has-text-align-center\" data-align=\"center\">numer telefonu<\/td><td class=\"has-text-align-center\" data-align=\"center\">adres e-mail<\/td><td class=\"has-text-align-center\" data-align=\"center\">godziny<\/td><\/tr><tr><td>Og\u00f3lne informacje o projekcie<\/td><td class=\"has-text-align-center\" data-align=\"center\">22 572 63 70<\/td><td class=\"has-text-align-center\" data-align=\"center\">grantypoz@nfz.gov.pl<\/td><td class=\"has-text-align-center\" data-align=\"center\">9:00 \u2013 15:00<\/td><\/tr><tr><td>Realizacja zada\u0144 informacyjno-promocyjnych<\/td><td class=\"has-text-align-center\" data-align=\"center\">22 572 60 03<\/td><td class=\"has-text-align-center\" data-align=\"center\">grantypoz@nfz.gov.pl<\/td><td class=\"has-text-align-center\" data-align=\"center\">8:00 \u2013 10:00<\/td><\/tr><\/tbody><\/table><\/figure>\n\n\n\n<div style=\"height:var(--wp--preset--spacing--50)\" aria-hidden=\"true\" class=\"wp-block-spacer\"><\/div>\n\n\n\n<h1 class=\"wp-block-heading\">Oddzia\u0142y wojew\u00f3dzkie<\/h1>\n\n\n\n<div style=\"height:var(--wp--preset--spacing--20)\" aria-hidden=\"true\" class=\"wp-block-spacer\"><\/div>\n\n\n\n<figure class=\"wp-block-table is-style-regular has-medium-font-size\"><table class=\"has-foreground-color has-text-color has-link-color has-fixed-layout\"><tbody><tr><td><\/td><td class=\"has-text-align-center\" data-align=\"center\">numer telefonu<\/td><td class=\"has-text-align-center\" data-align=\"center\">adres e-mail<\/td><td class=\"has-text-align-center\" data-align=\"center\">godziny<\/td><\/tr><tr><td>Dolno\u015bl\u0105ski<\/td><td class=\"has-text-align-center\" data-align=\"center\">717 979 440,<br>717 979 153<\/td><td class=\"has-text-align-center\" data-align=\"center\"><a href=\"mailto:grantypoz@nfz.gov.pl\" target=\"_blank\" rel=\"noreferrer noopener\"><\/a>grantypoz@nfz-wroclaw.pl<\/td><td class=\"has-text-align-center\" data-align=\"center\">8:00 \u2013 16:00<\/td><\/tr><tr><td>Kujawsko-Pomorski<\/td><td class=\"has-text-align-center\" data-align=\"center\">523 252 913,<br>523 252 826<\/td><td class=\"has-text-align-center\" data-align=\"center\"><a href=\"mailto:grantypoz@nfz.gov.pl\" target=\"_blank\" rel=\"noreferrer noopener\"><\/a>grantypoz@nfz-bydgoszcz.pl<\/td><td class=\"has-text-align-center\" data-align=\"center\">8:00 \u2013 15:00<\/td><\/tr><tr><td>Lubelski<\/td><td class=\"has-text-align-center\" data-align=\"center\">815 310 540,<br>815 310 520<\/td><td class=\"has-text-align-center\" data-align=\"center\"><a href=\"mailto:grantypoz@nfz.gov.pl\" target=\"_blank\" rel=\"noreferrer noopener\"><\/a>grantypoz@nfz-lublin.pl<\/td><td class=\"has-text-align-center\" data-align=\"center\">8:00 \u2013 16:00<\/td><\/tr><tr><td>Lubuski<\/td><td class=\"has-text-align-center\" data-align=\"center\">683 287 611,<br>683 287 671<\/td><td class=\"has-text-align-center\" data-align=\"center\">grantypoz@nfz-zielonagora.pl<\/td><td class=\"has-text-align-center\" data-align=\"center\">8:00 \u2013 16:00<\/td><\/tr><tr><td>\u0141\u00f3dzki<\/td><td class=\"has-text-align-center\" data-align=\"center\">422 754 119,<br> 422 754 114,<br>422 754 960<\/td><td class=\"has-text-align-center\" data-align=\"center\">grantypoz@nfz-lodz.pl<\/td><td class=\"has-text-align-center\" data-align=\"center\">8:00 \u2013 16:00<\/td><\/tr><tr><td>Ma\u0142opolski<\/td><td class=\"has-text-align-center\" data-align=\"center\">122 988 267,<br>122 988 124,<br>122 988 144,<br>122 988 141,<br>122 988 210<\/td><td class=\"has-text-align-center\" data-align=\"center\">grantypozmalopolska@nfz-krakow.pl<\/td><td class=\"has-text-align-center\" data-align=\"center\">9:00 \u2013 15:00<\/td><\/tr><tr><td>Mazowiecki<\/td><td class=\"has-text-align-center\" data-align=\"center\">222 797 543<\/td><td class=\"has-text-align-center\" data-align=\"center\">grantypoz@nfz-warszawa.pl<\/td><td class=\"has-text-align-center\" data-align=\"center\">9:00 \u2013 15:00<\/td><\/tr><tr><td>Opolski<\/td><td class=\"has-text-align-center\" data-align=\"center\">774 020 165,<br>775 495 264,<br>774 020 151<\/td><td class=\"has-text-align-center\" data-align=\"center\">grantypoz@nfz-opole.pl<\/td><td class=\"has-text-align-center\" data-align=\"center\">8:00 \u2013 15:00<\/td><\/tr><tr><td>Podkarpacki<\/td><td class=\"has-text-align-center\" data-align=\"center\">178 604 158,<br>178 604 203,<br>178 604 133<\/td><td class=\"has-text-align-center\" data-align=\"center\">grantypoz@nfz-rzeszow.pl<\/td><td class=\"has-text-align-center\" data-align=\"center\">9:00 \u2013 15:00<\/td><\/tr><tr><td>Podlaski<\/td><td class=\"has-text-align-center\" data-align=\"center\">857 459 544,<br>857 459 528<\/td><td class=\"has-text-align-center\" data-align=\"center\">grantypoz@nfz-bialystok.pl<\/td><td class=\"has-text-align-center\" data-align=\"center\">8:00 \u2013 16:00<\/td><\/tr><tr><td>Pomorski<\/td><td class=\"has-text-align-center\" data-align=\"center\">587 512 536,<br>587 512 553,<br>587 512 535<\/td><td class=\"has-text-align-center\" data-align=\"center\">grantypoz@nfz-gdansk.pl<\/td><td class=\"has-text-align-center\" data-align=\"center\">7:30 \u2013 15:30<\/td><\/tr><tr><td>\u015al\u0105ski<\/td><td class=\"has-text-align-center\" data-align=\"center\">327 351 779,<br>327 350 519,<br>327 351 760,<br>327 351 777<\/td><td class=\"has-text-align-center\" data-align=\"center\">grantypoz@nfz-katowice.pl<\/td><td class=\"has-text-align-center\" data-align=\"center\">8:00 \u2013 16:00<\/td><\/tr><tr><td>\u015awi\u0119tokrzyski<\/td><td class=\"has-text-align-center\" data-align=\"center\">413 646 109,<br>413 646 282<\/td><td class=\"has-text-align-center\" data-align=\"center\">grantypoz@nfz-kielce.pl<\/td><td class=\"has-text-align-center\" data-align=\"center\">9:00 \u2013 15:00<\/td><\/tr><tr><td>Warmi\u0144sko-Mazurski<\/td><td class=\"has-text-align-center\" data-align=\"center\">896 787 762,<br>896 787 763,<br>896 787 778,<br>896 787 782<\/td><td class=\"has-text-align-center\" data-align=\"center\">grantypoz@nfz-olsztyn.pl<\/td><td class=\"has-text-align-center\" data-align=\"center\">9:00 \u2013 15:00<\/td><\/tr><tr><td>Wielkopolski<\/td><td class=\"has-text-align-center\" data-align=\"center\">505 442 310<\/td><td class=\"has-text-align-center\" data-align=\"center\">grantypoz@nfz-poznan.pl<\/td><td class=\"has-text-align-center\" data-align=\"center\">9:00 \u2013 15:00<\/td><\/tr><tr><td>Zachodniopomorski<\/td><td class=\"has-text-align-center\" data-align=\"center\">603 430 134,<br>914 251 168,<br>914 251 060<\/td><td class=\"has-text-align-center\" data-align=\"center\">grantypoz@nfz-szczecin.pl<\/td><td class=\"has-text-align-center\" data-align=\"center\">8:00 \u2013 16:00<br>\/8:00 \u2013 15:00<\/td><\/tr><\/tbody><\/table><\/figure>\n\n\n\n<div style=\"height:20px\" aria-hidden=\"true\" class=\"wp-block-spacer\"><\/div>\n\n\n\n<h1 class=\"wp-block-heading\">Zg\u0142aszanie podejrzenia o niezgodno\u015bci Projektu lub dzia\u0142a\u0144 Beneficjenta z KPON lub KPP<\/h1>\n\n\n\n<p class=\"wp-block-paragraph\">Narodowy Fundusz Zdrowia informuje, \u017ce w przypadku podejrzenia niezgodno\u015bci Projektu lub dzia\u0142a\u0144 Beneficjenta z KPON lub KPP, istnieje mo\u017cliwo\u015b\u0107 zg\u0142aszania nieprawid\u0142owo\u015bci do Instytucji Zarz\u0105dzaj\u0105cej lub Instytucji Po\u015brednicz\u0105cej.<\/p>\n\n\n\n<div style=\"height:10px\" aria-hidden=\"true\" class=\"wp-block-spacer\"><\/div>\n\n\n\n<div class=\"wp-block-columns has-background is-layout-flex wp-container-core-columns-is-layout-c07b8300 wp-block-columns-is-layout-flex\" style=\"border-top-left-radius:8px;border-top-right-radius:8px;border-bottom-left-radius:8px;border-bottom-right-radius:8px;background-color:#f2f2ff\">\n<div class=\"wp-block-column is-layout-flow wp-block-column-is-layout-flow\">\n<p class=\"wp-block-paragraph\">KPON \u2013 Konwencji o prawach os\u00f3b niepe\u0142nosprawnych sporz\u0105dzonej w Nowym Jorku dnia 13 grudnia 2006 r.<\/p>\n\n\n\n<p class=\"wp-block-paragraph\">KPP \u2013 Karty Praw Podstawowych Unii Europejskiej z dnia 6 czerwca 2016 r. (Dz. Urz. UE C 202 z 7.06.2016, str. 389)<\/p>\n<\/div>\n<\/div>\n\n\n\n<div style=\"height:10px\" aria-hidden=\"true\" class=\"wp-block-spacer\"><\/div>\n\n\n\n<p class=\"wp-block-paragraph\">Sygna\u0142y, zg\u0142oszenia lub skargi dotycz\u0105ce wyst\u0105pienia niezgodno\u015bci Projektu z postanowieniami KPP lub KPON mog\u0105 przekazywa\u0107 osoby fizyczne (uczestnicy projektu lub ich pe\u0142nomocnicy i przedstawiciele), instytucje uczestnicz\u0105ce we wdra\u017caniu funduszy Unii Europejskiej, strona spo\u0142eczna (stowarzyszenia, fundacje), za pomoc\u0105 (w ka\u017cdym poni\u017cszym przypadku uznaje si\u0119 zg\u0142oszenie za przekazane w formie pisemnej):<\/p>\n\n\n\n<div style=\"height:10px\" aria-hidden=\"true\" class=\"wp-block-spacer\"><\/div>\n\n\n\n<ol id=\"block-850392fa-8bb0-4040-b6d1-47d74c785ce7\" class=\"wp-block-list\">\n<li>poczty tradycyjnej \u2013 w formie listownej na adres ministerstwa: Ministerstwo Funduszy i Polityki Regionalnej, ul. Wsp\u00f3lna 2\/4, 00-926 Warszawa lub Ministerstwo Zdrowia, ul. Miodowa 15, 00-952 Warszawa,\u2028<\/li>\n\n\n\n<li>skrzynki nadawczej e-PUAP Ministerstwa Funduszy i Polityki Regionalnej lub Ministerstwa Zdrowia,\u2028<\/li>\n\n\n\n<li>formularza internetowego e-Nieprawid\u0142owo\u015bci, dost\u0119pnego na stronie&nbsp;<a href=\"http:\/\/www.feniks.gov.pl\/\" target=\"_blank\" rel=\"noreferrer noopener\">www.feniks.gov.pl otwiera si\u0119 w nowej karcie<\/a>,\u2028<\/li>\n\n\n\n<li>mechanizmu sygnalistycznego rozumianego jako dedykowany adres e-mail:&nbsp;<a href=\"mailto:rownosc.feniks@mfipr.gov.pl\" target=\"_blank\" rel=\"noreferrer noopener\">rownosc.feniks@mfipr.gov.pl<\/a>&nbsp;lub&nbsp;<a href=\"mailto:naduzycia.feniks@mfipr.gov.pl\" target=\"_blank\" rel=\"noreferrer noopener\">naduzycia.feniks@mfipr.gov.pl<\/a>.\u2028<\/li>\n\n\n\n<li>Sygna\u0142y, dotycz\u0105ce potencjalnych nieprawid\u0142owo\u015bciach lub nadu\u017cy\u0107 finansowych, nale\u017cy zg\u0142asza\u0107 za pomoc\u0105 dedykowanego adresu e-mail: <a href=\"https:\/\/feniks.nfz.gov.pl\/index.php\/kontakt\/naduzycia.feniks@nfz.gov.pl\" target=\"_blank\" rel=\"noreferrer noopener\">naduzycia.feniks@nfz.gov.pl<\/a>\u2028<\/li>\n<\/ol>\n","protected":false},"excerpt":{"rendered":"<p>Centrala numer telefonu adres e-mail godziny Og\u00f3lne informacje o projekcie 22 572 63 70 grantypoz@nfz.gov.pl 9:00 \u2013 15:00 Realizacja zada\u0144 informacyjno-promocyjnych 22 572 60 03 grantypoz@nfz.gov.pl 8:00 \u2013 10:00 Oddzia\u0142y wojew\u00f3dzkie numer telefonu adres e-mail godziny Dolno\u015bl\u0105ski 717 979 440,717 979 153 grantypoz@nfz-wroclaw.pl 8:00 \u2013 16:00 Kujawsko-Pomorski 523 252 913,523 252 826 grantypoz@nfz-bydgoszcz.pl 8:00 \u2013 [&hellip;]<\/p>\n","protected":false},"author":1,"featured_media":0,"parent":0,"menu_order":0,"comment_status":"closed","ping_status":"closed","template":"","meta":{"_crdt_document":"","footnotes":""},"class_list":["post-1592","page","type-page","status-publish","hentry"],"_links":{"self":[{"href":"https:\/\/feniks.nfz.gov.pl\/index.php\/wp-json\/wp\/v2\/pages\/1592","targetHints":{"allow":["GET"]}}],"collection":[{"href":"https:\/\/feniks.nfz.gov.pl\/index.php\/wp-json\/wp\/v2\/pages"}],"about":[{"href":"https:\/\/feniks.nfz.gov.pl\/index.php\/wp-json\/wp\/v2\/types\/page"}],"author":[{"embeddable":true,"href":"https:\/\/feniks.nfz.gov.pl\/index.php\/wp-json\/wp\/v2\/users\/1"}],"replies":[{"embeddable":true,"href":"https:\/\/feniks.nfz.gov.pl\/index.php\/wp-json\/wp\/v2\/comments?post=1592"}],"version-history":[{"count":47,"href":"https:\/\/feniks.nfz.gov.pl\/index.php\/wp-json\/wp\/v2\/pages\/1592\/revisions"}],"predecessor-version":[{"id":3597,"href":"https:\/\/feniks.nfz.gov.pl\/index.php\/wp-json\/wp\/v2\/pages\/1592\/revisions\/3597"}],"wp:attachment":[{"href":"https:\/\/feniks.nfz.gov.pl\/index.php\/wp-json\/wp\/v2\/media?parent=1592"}],"curies":[{"name":"wp","href":"https:\/\/api.w.org\/{rel}","templated":true}]}}