{"id":1563,"date":"2025-01-22T10:46:39","date_gmt":"2025-01-22T10:46:39","guid":{"rendered":"https:\/\/feniks.nfz.gov.pl\/?page_id=1563"},"modified":"2026-03-23T11:52:59","modified_gmt":"2026-03-23T11:52:59","slug":"deklaracja-dostepnosci","status":"publish","type":"page","link":"https:\/\/feniks.nfz.gov.pl\/index.php\/deklaracja-dostepnosci\/","title":{"rendered":"Deklaracja dost\u0119pno\u015bci"},"content":{"rendered":"\n<p class=\"wp-block-paragraph\"><strong>Narodowy Fundusz Zdrowia <\/strong>zobowi\u0105zuje si\u0119 zapewni\u0107 dost\u0119pno\u015b\u0107 swojej strony internetowej zgodnie z ustaw\u0105 z dnia 4 kwietnia 2019 r. o dost\u0119pno\u015bci cyfrowej stron internetowych i aplikacji mobilnych podmiot\u00f3w publicznych.<\/p>\n\n\n\n<p class=\"has-manrope-font-family wp-block-paragraph\">O\u015bwiadczenie w sprawie dost\u0119pno\u015bci ma zastosowanie do <a href=\"https:\/\/feniks.nfz.gov.pl\/\"><strong>strony internetowej projektu Wsparcie podstawowej opieki zdrowotnej &#8222;POZ&#8221; <\/strong><\/a><\/p>\n\n\n\n<p class=\"has-manrope-font-family wp-block-paragraph\"><strong>Data publikacji strony internetowej: 2025-01-22.<\/strong><\/p>\n\n\n\n<p class=\"has-manrope-font-family wp-block-paragraph\"><strong>Data ostatniej istotnej aktualizacji: 2026-03-18.<\/strong><\/p>\n\n\n\n<h1 class=\"wp-block-heading\" style=\"margin-top:var(--wp--preset--spacing--30)\">Status pod wzgl\u0119dem zgodno\u015bci z ustaw\u0105<\/h1>\n\n\n\n<p class=\"wp-block-paragraph\"><strong>Strona internetowa jest zgodna z ustaw\u0105 o dost\u0119pno\u015bci cyfrowej stron internetowych i aplikacji mobilnych podmiot\u00f3w publicznych.&nbsp;<\/strong><\/p>\n\n\n\n<p class=\"wp-block-paragraph\"><strong>O\u015bwiadczenie sporz\u0105dzono dnia: 2025-01-22<\/strong>.<\/p>\n\n\n\n<p class=\"wp-block-paragraph\">Deklaracja zosta\u0142a poddana przegl\u0105dowi i aktualizacji 2026-03-23.<\/p>\n\n\n\n<p class=\"wp-block-paragraph\">Deklaracj\u0119 sporz\u0105dzili\u015bmy na podstawie samooceny.<\/p>\n\n\n\n<h1 class=\"wp-block-heading\" style=\"margin-top:var(--wp--preset--spacing--30)\">Standardy dost\u0119pno\u015bci:<\/h1>\n\n\n\n<div class=\"wp-block-columns is-layout-flex wp-container-core-columns-is-layout-7cdc19ee wp-block-columns-is-layout-flex\" style=\"padding-right:0;padding-left:0\">\n<div class=\"wp-block-column is-layout-flow wp-block-column-is-layout-flow\" style=\"padding-right:0;padding-left:0;flex-basis:90%\">\n<ul class=\"wp-block-list\">\n<li>Na stronie internetowej mo\u017cna u\u017cywa\u0107 standardowych skr\u00f3t\u00f3w klawiaturowych przegl\u0105darki.<\/li>\n\n\n\n<li>Strona&nbsp; wykorzystuje \u201enawigacj\u0119 okruszkow\u0105\u201d (breadcrumbs) , dzi\u0119ki kt\u00f3rej mo\u017cna \u0142atwo powr\u00f3ci\u0107 do strony wy\u017cszego rz\u0119du.<\/li>\n\n\n\n<li>Elementy interaktywne (takie jak odno\u015bniki czy przyciski) maj\u0105 wyra\u017ane obramowanie (fokus).<\/li>\n\n\n\n<li>U\u017cywamy czytelnie opisanych formularzy.<\/li>\n\n\n\n<li>Dbamy o odpowiedni rozmiar tekstu na stronie internetowej za pomoc\u0105 dedykowanej wtyczki DJ-Accessibility Light. Osoby s\u0142abiej widz\u0105ce mog\u0105 \u0142atwo dostosowa\u0107 wygl\u0105d strony do swoich potrzeb klikaj\u0105c w ikon\u0119 znajduj\u0105ca si\u0119 w g\u00f3rnym prawym rogu.<\/li>\n\n\n\n<li>Stosujemy zasady prostego j\u0119zyka.<\/li>\n\n\n\n<li>Infografiki i inne obrazy uzupe\u0142niamy tekstem alternatywnym.<\/li>\n\n\n\n<li>Obrazy o funkcji tylko pomocniczej, kt\u00f3re nie nios\u0105 dodatkowej informacji, maj\u0105 pusty znacznik \u201ealt\u201d.<\/li>\n<\/ul>\n<\/div>\n\n\n\n<div class=\"wp-block-column is-vertically-aligned-center is-layout-flow wp-block-column-is-layout-flow\" style=\"flex-basis:10%\">\n<figure class=\"wp-block-image size-full is-resized\"><img loading=\"lazy\" decoding=\"async\" width=\"38\" height=\"37\" src=\"https:\/\/feniks.nfz.gov.pl\/wp-content\/uploads\/2025\/01\/ikona-DJ.png\" alt=\"Ikona DJ-Accessibility Light\" class=\"wp-image-1570\" style=\"aspect-ratio:1.0270812437311936;object-fit:contain;width:50px\"\/><\/figure>\n<\/div>\n<\/div>\n\n\n\n<h1 class=\"wp-block-heading\" style=\"padding-top:var(--wp--preset--spacing--30)\">Informacje zwrotne i dane kontaktowe<\/h1>\n\n\n\n<p class=\"wp-block-paragraph\"><strong>W przypadku problem\u00f3w z dost\u0119pno\u015bci\u0105 strony internetowej, prosimy o kontakt.<\/strong><\/p>\n\n\n\n<h2 class=\"wp-block-heading\" style=\"padding-top:var(--wp--preset--spacing--20)\">Osoby kontaktowe:<\/h2>\n\n\n\n<p class=\"wp-block-paragraph\">Artur Basiuk<\/p>\n\n\n\n<p class=\"wp-block-paragraph\">e-mail: <a href=\"mailto:wnioski.dostepnosc@nfz.gov.pl\"><\/a>artur.basiuk@nfz.gov.pl<\/p>\n\n\n\n<p class=\"wp-block-paragraph\">tel.: 22 572 60 10 (od 8:00 do 16:00 w dni robocze)<\/p>\n\n\n\n<div style=\"height:var(--wp--preset--spacing--20)\" aria-hidden=\"true\" class=\"wp-block-spacer\"><\/div>\n\n\n\n<p class=\"wp-block-paragraph\">Lena Fuksiewicz <\/p>\n\n\n\n<p class=\"wp-block-paragraph\">e-mail: lena.fuksiewicz3@nfz.gov.pl<\/p>\n\n\n\n<p class=\"wp-block-paragraph\">tel.: 22 480 29 88 (od 8:00 do 16:00 w dni robocze)<\/p>\n\n\n\n<p class=\"wp-block-paragraph\">T\u0105 sam\u0105 drog\u0105 mo\u017cna sk\u0142ada\u0107 wnioski o udost\u0119pnienie informacji niedost\u0119pnej oraz sk\u0142ada\u0107 skargi na brak zapewnienia dost\u0119pno\u015bci.<\/p>\n\n\n\n<h2 class=\"wp-block-heading has-large-font-size\" style=\"padding-top:var(--wp--preset--spacing--20)\">Masz prawo do:<\/h2>\n\n\n\n<ul class=\"wp-block-list\">\n<li>wyst\u0105pienia o zapewnienie dost\u0119pno\u015bci cyfrowej strony internetowej, aplikacji mobilnej lub jakiego\u015b ich elementu<\/li>\n\n\n\n<li>\u017c\u0105dania udost\u0119pnienia informacji za pomoc\u0105 alternatywnego sposobu dost\u0119pu, na przyk\u0142ad przez odczytanie niedost\u0119pnego cyfrowo dokumentu, opisanie zawarto\u015bci filmu bez audiodeskrypcji itp.<\/li>\n<\/ul>\n\n\n\n<h2 class=\"wp-block-heading has-large-font-size\" style=\"padding-top:var(--wp--preset--spacing--20)\">Co powinno zawiera\u0107 \u017c\u0105danie:<\/h2>\n\n\n\n<ul class=\"wp-block-list\">\n<li>dane osoby zg\u0142aszaj\u0105cej \u017c\u0105danie<\/li>\n\n\n\n<li>wskazanie, o kt\u00f3r\u0105 stron\u0119 internetow\u0105 lub aplikacj\u0119 mobiln\u0105 chodzi<\/li>\n\n\n\n<li>dogodny spos\u00f3b przedstawienia informacji.<\/li>\n<\/ul>\n\n\n\n<p class=\"wp-block-paragraph\" style=\"padding-top:var(--wp--preset--spacing--20)\">NFZ powinien zrealizowa\u0107 \u017c\u0105danie do 7 dni od jego otrzymania. Je\u017celi nie jest to mo\u017cliwe, poinformujemy Ci\u0119 o mo\u017cliwym terminie realizacji. Termin ten nie mo\u017ce by\u0107 d\u0142u\u017cszy ni\u017c 2 miesi\u0105ce od dnia wyst\u0105pienia z \u017c\u0105daniem.<\/p>\n\n\n\n<p class=\"wp-block-paragraph\">Je\u017celi zapewnienie dost\u0119pno\u015bci cyfrowej nie jest mo\u017cliwe, zaproponujemy alternatywny spos\u00f3b dost\u0119pu do informacji. W przypadku, gdy otrzymasz odmow\u0119 realizacji \u017c\u0105dania zapewnienia dost\u0119pno\u015bci lub alternatywnego sposobu dost\u0119pu do informacji, mo\u017cesz z\u0142o\u017cy\u0107 skarg\u0119 w sprawie zapewniana dost\u0119pno\u015bci cyfrowej strony internetowej, aplikacji mobilnej lub elementu strony internetowej, lub aplikacji mobilnej.<\/p>\n\n\n\n<p class=\"wp-block-paragraph\">Po wyczerpaniu wszystkich mo\u017cliwo\u015bci skarg\u0119 mo\u017cna przes\u0142a\u0107 tak\u017ce do <a href=\"https:\/\/bip.brpo.gov.pl\/wniosek\/index.php\">Rzecznika Praw Obywatelskich<\/a> <\/p>\n\n\n\n<h1 class=\"wp-block-heading\" style=\"padding-top:var(--wp--preset--spacing--30)\">Dost\u0119pno\u015b\u0107 architektoniczna<\/h1>\n\n\n\n<p class=\"wp-block-paragraph\"><a href=\"https:\/\/www.nfz.gov.pl\/\">Centrala NFZ<\/a><\/p>\n\n\n\n<p class=\"wp-block-paragraph\"><a href=\"https:\/\/www.nfz-wroclaw.pl\/\">Oddzia\u0142 Dolno\u015bl\u0105ski<\/a><\/p>\n\n\n\n<p class=\"wp-block-paragraph\"><a href=\"https:\/\/nfz-bydgoszcz.pl\/\">Oddzia\u0142 Kujawsko-Pomorski<\/a><\/p>\n\n\n\n<p class=\"wp-block-paragraph\"><a href=\"https:\/\/www.nfz-lublin.pl\/\">Oddzia\u0142 Lubelski<\/a><\/p>\n\n\n\n<p class=\"wp-block-paragraph\"><a href=\"https:\/\/www.nfz-zielonagora.pl\/\">Oddzia\u0142 Lubuski<\/a><\/p>\n\n\n\n<p class=\"wp-block-paragraph\"><a href=\"https:\/\/www.nfz-lodz.pl\/\">Oddzia\u0142 \u0141\u00f3dzki<\/a><\/p>\n\n\n\n<p class=\"wp-block-paragraph\"><a href=\"https:\/\/www.nfz-krakow.pl\/\">Oddzia\u0142 Ma\u0142opolski<\/a><\/p>\n\n\n\n<p class=\"wp-block-paragraph\"><a href=\"https:\/\/www.nfz-warszawa.pl\/\">Oddzia\u0142 Mazowiecki<\/a><\/p>\n\n\n\n<p class=\"wp-block-paragraph\"><a href=\"https:\/\/www.nfz-opole.pl\/\">Oddzia\u0142 Opolski<\/a><\/p>\n\n\n\n<p class=\"wp-block-paragraph\"><a href=\"https:\/\/www.nfz-rzeszow.pl\/\">Oddzia\u0142 Podkarpacki<\/a><\/p>\n\n\n\n<p class=\"wp-block-paragraph\"><a href=\"https:\/\/www.nfz-bialystok.pl\/\">Oddzia\u0142 Podlaski<\/a><\/p>\n\n\n\n<p class=\"wp-block-paragraph\"><a href=\"https:\/\/www.nfz-gdansk.pl\/\">Oddzia\u0142 Pomorski<\/a><\/p>\n\n\n\n<p class=\"wp-block-paragraph\"><a href=\"https:\/\/www.nfz-katowice.pl\/\">Oddzia\u0142 \u015al\u0105ski<\/a><\/p>\n\n\n\n<p class=\"wp-block-paragraph\"><a href=\"https:\/\/www.nfz-kielce.pl\/\">Oddzia\u0142 \u015awi\u0119tokrzyski<\/a><\/p>\n\n\n\n<p class=\"wp-block-paragraph\"><a href=\"https:\/\/www.nfz-olsztyn.pl\/\">Oddzia\u0142 Warmi\u0144sko-Mazurski<\/a><\/p>\n\n\n\n<p class=\"wp-block-paragraph\"><a href=\"https:\/\/www.nfz-szczecin.pl\/\">Oddzia\u0142 Wielkopolski Oddzia\u0142 Zachodniopomorski<\/a><\/p>\n","protected":false},"excerpt":{"rendered":"<p>Narodowy Fundusz Zdrowia zobowi\u0105zuje si\u0119 zapewni\u0107 dost\u0119pno\u015b\u0107 swojej strony internetowej zgodnie z ustaw\u0105 z dnia 4 kwietnia 2019 r. o dost\u0119pno\u015bci cyfrowej stron internetowych i aplikacji mobilnych podmiot\u00f3w publicznych. O\u015bwiadczenie w sprawie dost\u0119pno\u015bci ma zastosowanie do strony internetowej projektu Wsparcie podstawowej opieki zdrowotnej &#8222;POZ&#8221; Data publikacji strony internetowej: 2025-01-22. Data ostatniej istotnej aktualizacji: 2026-03-18. Status [&hellip;]<\/p>\n","protected":false},"author":1,"featured_media":0,"parent":0,"menu_order":0,"comment_status":"closed","ping_status":"closed","template":"","meta":{"_crdt_document":"","footnotes":""},"class_list":["post-1563","page","type-page","status-publish","hentry"],"_links":{"self":[{"href":"https:\/\/feniks.nfz.gov.pl\/index.php\/wp-json\/wp\/v2\/pages\/1563","targetHints":{"allow":["GET"]}}],"collection":[{"href":"https:\/\/feniks.nfz.gov.pl\/index.php\/wp-json\/wp\/v2\/pages"}],"about":[{"href":"https:\/\/feniks.nfz.gov.pl\/index.php\/wp-json\/wp\/v2\/types\/page"}],"author":[{"embeddable":true,"href":"https:\/\/feniks.nfz.gov.pl\/index.php\/wp-json\/wp\/v2\/users\/1"}],"replies":[{"embeddable":true,"href":"https:\/\/feniks.nfz.gov.pl\/index.php\/wp-json\/wp\/v2\/comments?post=1563"}],"version-history":[{"count":17,"href":"https:\/\/feniks.nfz.gov.pl\/index.php\/wp-json\/wp\/v2\/pages\/1563\/revisions"}],"predecessor-version":[{"id":3817,"href":"https:\/\/feniks.nfz.gov.pl\/index.php\/wp-json\/wp\/v2\/pages\/1563\/revisions\/3817"}],"wp:attachment":[{"href":"https:\/\/feniks.nfz.gov.pl\/index.php\/wp-json\/wp\/v2\/media?parent=1563"}],"curies":[{"name":"wp","href":"https:\/\/api.w.org\/{rel}","templated":true}]}}